{"id":1432,"date":"2018-09-30T18:41:11","date_gmt":"2018-09-30T18:41:11","guid":{"rendered":"http:\/\/agricole.cmsmasters.net\/?page_id=1432"},"modified":"2022-12-28T09:38:45","modified_gmt":"2022-12-28T09:38:45","slug":"cursuri-gratuite","status":"publish","type":"page","link":"https:\/\/reformaprovita.com\/es\/cursos-gratuitos\/","title":{"rendered":"Cursos Gratuitos"},"content":{"rendered":"<div id=\"cmsmasters_row_\" class=\"cmsmasters_row cmsmasters_color_scheme_default cmsmasters_row_top_default cmsmasters_row_bot_default cmsmasters_row_boxed\">\n<div class=\"cmsmasters_row_outer_parent\">\n<div class=\"cmsmasters_row_outer\">\n<div class=\"cmsmasters_row_inner\">\n<div class=\"cmsmasters_row_margin\">\n<div id=\"cmsmasters_column_\" class=\"cmsmasters_column one_first\">\n<div class=\"cmsmasters_column_inner\"><div class=\"cmsmasters_text\">\n<h1 style=\"text-align: center;\">Cursos Gratuitos<\/h1>\n<p>&nbsp;<\/p>\n<\/div>\n<\/div><\/div>\n<\/div>\n<\/div>\n<\/div>\n<\/div>\n<\/div>\n<div id=\"cmsmasters_row_kff4hxi80n\" class=\"cmsmasters_row cmsmasters_color_scheme_default cmsmasters_row_top_default cmsmasters_row_bot_default cmsmasters_row_boxed\">\n<div class=\"cmsmasters_row_outer_parent\">\n<div class=\"cmsmasters_row_outer\">\n<div class=\"cmsmasters_row_inner\">\n<div class=\"cmsmasters_row_margin\">\n<div id=\"cmsmasters_column_qdz22n3bb\" class=\"cmsmasters_column one_first\">\n<div class=\"cmsmasters_column_inner\"><div id=\"blog_ng6bdl9fqm\" class=\"cmsmasters_wrap_blog entry-summary\" data-layout=\"columns\" data-layout-mode=\"grid\" data-url=\"https:\/\/reformaprovita.com\/wp-content\/plugins\/cmsmasters-content-composer\/\" data-orderby=\"date\" data-order=\"DESC\" data-count=\"8\" data-categories=\"curs-gratis\" data-metadata=\"\" data-pagination=\"pagination\"><div class=\"blog columns grid cmsmasters_3\"><!-- Start Post Masonry Article -->\r\n<article id=\"post-2788\" class=\"cmsmasters_post_masonry post-2788 post type-post status-publish format-standard has-post-thumbnail hentry category-curs-gratis category-obiceiuri-sanatoase category-reforma-prosalud\" data-category=\"curs-gratis obiceiuri-sanatoase reforma-prosalud\">\r\n\t<div class=\"cmsmasters_post_cont\">\r\n\t\t<figure class=\"cmsmasters_img_wrap\"><a href=\"https:\/\/reformaprovita.com\/es\/reforma-prosalud\/descansar-tu-mejor-habito-para-tener-una-vida-saludable\/\" title=\"El descanso: tu mejor h\u00e1bito para tener una vida sana\" class=\"cmsmasters_img_link preloader\"><img loading=\"lazy\" decoding=\"async\" width=\"580\" height=\"366\" src=\"https:\/\/reformaprovita.com\/wp-content\/uploads\/2022\/12\/descanso-para-la-salud-1-580x366.jpg\" class=\"full-width wp-post-image\" alt=\"El descanso: tu mejor h\u00e1bito para tener una vida sana\" title=\"descanso-para-la-salud-1\" srcset=\"https:\/\/reformaprovita.com\/wp-content\/uploads\/2022\/12\/descanso-para-la-salud-1-580x366.jpg 580w, https:\/\/reformaprovita.com\/wp-content\/uploads\/2022\/12\/descanso-para-la-salud-1-18x12.jpg 18w\" sizes=\"auto, (max-width: 580px) 100vw, 580px\" \/><\/a><\/figure><header class=\"cmsmasters_post_header entry-header\"><h2 class=\"cmsmasters_post_title entry-title\"><a href=\"https:\/\/reformaprovita.com\/es\/reforma-prosalud\/descansar-tu-mejor-habito-para-tener-una-vida-saludable\/\">El descanso: tu mejor h\u00e1bito para tener una vida sana<\/a><\/h2><\/header><div class=\"cmsmasters_post_content entry-content\">\n<p>Continuamos con el estudio de las Leyes que equilibran nuestro Cuerpo, Mente y Esp\u00edritu; puedes leerlo muchas veces y puedes\u2026<\/p>\n<\/div>\n\t<\/div>\r\n<\/article>\r\n<!-- Finish Post Masonry Article -->\r\n\r\n<!-- Start Post Masonry Article -->\r\n<article id=\"post-2784\" class=\"cmsmasters_post_masonry post-2784 post type-post status-publish format-standard has-post-thumbnail hentry category-curs-gratis category-reforma-prosalud category-remedii-naturale\" data-category=\"curs-gratis reforma-prosalud remedii-naturale\">\r\n\t<div class=\"cmsmasters_post_cont\">\r\n\t\t<figure class=\"cmsmasters_img_wrap\"><a href=\"https:\/\/reformaprovita.com\/es\/remedii-naturale\/higiene-e-higiene-personal-vida-saludable-sin-sustancias-quimicas\/\" title=\"Higiene e higiene personal: vida sana sin productos qu\u00edmicos\" class=\"cmsmasters_img_link preloader\"><img loading=\"lazy\" decoding=\"async\" width=\"580\" height=\"366\" src=\"https:\/\/reformaprovita.com\/wp-content\/uploads\/2022\/12\/salud-claves-mantener-buena-higiene-1194x585-1-580x366.webp\" class=\"full-width wp-post-image\" alt=\"Higiene e higiene personal: vida sana sin productos qu\u00edmicos\" title=\"salud-claves-mantener-buena-higiene-1194x585-1\" \/><\/a><\/figure><header class=\"cmsmasters_post_header entry-header\"><h2 class=\"cmsmasters_post_title entry-title\"><a href=\"https:\/\/reformaprovita.com\/es\/remedii-naturale\/higiene-e-higiene-personal-vida-saludable-sin-sustancias-quimicas\/\">Higiene e higiene personal: vida sana sin productos qu\u00edmicos<\/a><\/h2><\/header><div class=\"cmsmasters_post_content entry-content\">\n<p>Una vez m\u00e1s nos reunimos para compartir ideas sobre el arte de vivir bien. Es motivador tener algo...<\/p>\n<\/div>\n\t<\/div>\r\n<\/article>\r\n<!-- Finish Post Masonry Article -->\r\n\r\n<!-- Start Post Masonry Article -->\r\n<article id=\"post-2780\" class=\"cmsmasters_post_masonry post-2780 post type-post status-publish format-standard has-post-thumbnail hentry category-curs-gratis category-reforma-prosalud category-remedii-naturale\" data-category=\"curs-gratis reforma-prosalud remedii-naturale\">\r\n\t<div class=\"cmsmasters_post_cont\">\r\n\t\t<figure class=\"cmsmasters_img_wrap\"><a href=\"https:\/\/reformaprovita.com\/es\/remedii-naturale\/higiene-mental-los-beneficios-de-sus-practicas\/\" title=\"Higiene Mental: beneficios de su pr\u00e1ctica\" class=\"cmsmasters_img_link preloader\"><img loading=\"lazy\" decoding=\"async\" width=\"580\" height=\"366\" src=\"https:\/\/reformaprovita.com\/wp-content\/uploads\/2022\/12\/higiene-mental-1-580x366.jpg\" class=\"full-width wp-post-image\" alt=\"Higiene Mental: beneficios de su pr\u00e1ctica\" title=\"higiene-mental-1\" srcset=\"https:\/\/reformaprovita.com\/wp-content\/uploads\/2022\/12\/higiene-mental-1-580x366.jpg 580w, https:\/\/reformaprovita.com\/wp-content\/uploads\/2022\/12\/higiene-mental-1-18x12.jpg 18w\" sizes=\"auto, (max-width: 580px) 100vw, 580px\" \/><\/a><\/figure><header class=\"cmsmasters_post_header entry-header\"><h2 class=\"cmsmasters_post_title entry-title\"><a href=\"https:\/\/reformaprovita.com\/es\/remedii-naturale\/higiene-mental-los-beneficios-de-sus-practicas\/\">Higiene Mental: beneficios de su pr\u00e1ctica<\/a><\/h2><\/header><div class=\"cmsmasters_post_content entry-content\">\n<p>Ya nos estamos acercando al final de los postulados de la sana vida y de los diez enunciados o mandamientos de la ley moral, pero no\u2026<\/p>\n<\/div>\n\t<\/div>\r\n<\/article>\r\n<!-- Finish Post Masonry Article -->\r\n\r\n<!-- Start Post Masonry Article -->\r\n<article id=\"post-2775\" class=\"cmsmasters_post_masonry post-2775 post type-post status-publish format-standard has-post-thumbnail hentry category-curs-gratis category-obiceiuri-sanatoase category-reforma-prosalud\" data-category=\"curs-gratis obiceiuri-sanatoase reforma-prosalud\">\r\n\t<div class=\"cmsmasters_post_cont\">\r\n\t\t<figure class=\"cmsmasters_img_wrap\"><a href=\"https:\/\/reformaprovita.com\/es\/reforma-prosalud\/conoce-las-ventajas-y-beneficios-de-los-ejercicios-fisicos\/\" title=\"Conoce las ventajas y beneficios del ejercicio f\u00edsico\" class=\"cmsmasters_img_link preloader\"><img loading=\"lazy\" decoding=\"async\" width=\"580\" height=\"366\" src=\"https:\/\/reformaprovita.com\/wp-content\/uploads\/2022\/12\/6-articulo-ventajas-ejercicio-580x366.jpg\" class=\"full-width wp-post-image\" alt=\"Conoce las ventajas y beneficios del ejercicio f\u00edsico\" title=\"6-articulo-ventajas-ejercicio\" \/><\/a><\/figure><header class=\"cmsmasters_post_header entry-header\"><h2 class=\"cmsmasters_post_title entry-title\"><a href=\"https:\/\/reformaprovita.com\/es\/reforma-prosalud\/conoce-las-ventajas-y-beneficios-de-los-ejercicios-fisicos\/\">Conoce las ventajas y beneficios del ejercicio f\u00edsico<\/a><\/h2><\/header><div class=\"cmsmasters_post_content entry-content\">\n<p>Esta semana continuaremos estudiando los Principios de la Salud F\u00edsica, Mental y Espiritual. Hoy aprenderemos los beneficios del ejercicio f\u00edsico...<\/p>\n<\/div>\n\t<\/div>\r\n<\/article>\r\n<!-- Finish Post Masonry Article -->\r\n\r\n<!-- Start Post Masonry Article -->\r\n<article id=\"post-2770\" class=\"cmsmasters_post_masonry post-2770 post type-post status-publish format-standard has-post-thumbnail hentry category-curs-gratis category-obiceiuri-sanatoase category-reforma-prosalud\" data-category=\"curs-gratis obiceiuri-sanatoase reforma-prosalud\">\r\n\t<div class=\"cmsmasters_post_cont\">\r\n\t\t<figure class=\"cmsmasters_img_wrap\"><a href=\"https:\/\/reformaprovita.com\/es\/reforma-prosalud\/como-beber-agua-correctamente-y-como-no\/\" title=\"C\u00f3mo beber o no beber agua\" class=\"cmsmasters_img_link preloader\"><img loading=\"lazy\" decoding=\"async\" width=\"580\" height=\"366\" src=\"https:\/\/reformaprovita.com\/wp-content\/uploads\/2022\/12\/benefits-of-drinking-water-580x366.jpg\" class=\"full-width wp-post-image\" alt=\"C\u00f3mo beber o no beber agua\" title=\"benefits-of-drinking-water\" srcset=\"https:\/\/reformaprovita.com\/wp-content\/uploads\/2022\/12\/benefits-of-drinking-water-580x366.jpg 580w, https:\/\/reformaprovita.com\/wp-content\/uploads\/2022\/12\/benefits-of-drinking-water-18x12.jpg 18w\" sizes=\"auto, (max-width: 580px) 100vw, 580px\" \/><\/a><\/figure><header class=\"cmsmasters_post_header entry-header\"><h2 class=\"cmsmasters_post_title entry-title\"><a href=\"https:\/\/reformaprovita.com\/es\/reforma-prosalud\/como-beber-agua-correctamente-y-como-no\/\">C\u00f3mo beber o no beber agua<\/a><\/h2><\/header><div class=\"cmsmasters_post_content entry-content\">\n<p>Ya nos estamos acercando al final de los postulados de la sana vida y de los diez enunciados o mandamientos de la ley moral, pero no\u2026<\/p>\n<\/div>\n\t<\/div>\r\n<\/article>\r\n<!-- Finish Post Masonry Article -->\r\n\r\n<!-- Start Post Masonry Article -->\r\n<article id=\"post-2765\" class=\"cmsmasters_post_masonry post-2765 post type-post status-publish format-standard has-post-thumbnail hentry category-curs-gratis category-obiceiuri-sanatoase category-reforma-prosalud\" data-category=\"curs-gratis obiceiuri-sanatoase reforma-prosalud\">\r\n\t<div class=\"cmsmasters_post_cont\">\r\n\t\t<figure class=\"cmsmasters_img_wrap\"><a href=\"https:\/\/reformaprovita.com\/es\/reforma-prosalud\/como-hacer-la-playa-correctamente\/\" title=\"C\u00f3mo tomar el sol adecuadamente\" class=\"cmsmasters_img_link preloader\"><img loading=\"lazy\" decoding=\"async\" width=\"580\" height=\"366\" src=\"https:\/\/reformaprovita.com\/wp-content\/uploads\/2022\/12\/como-tomar-el-sol-580x366.jpg\" class=\"full-width wp-post-image\" alt=\"C\u00f3mo tomar el sol adecuadamente\" title=\"como-tomar-el-sol\" \/><\/a><\/figure><header class=\"cmsmasters_post_header entry-header\"><h2 class=\"cmsmasters_post_title entry-title\"><a href=\"https:\/\/reformaprovita.com\/es\/reforma-prosalud\/como-hacer-la-playa-correctamente\/\">C\u00f3mo tomar el sol adecuadamente<\/a><\/h2><\/header><div class=\"cmsmasters_post_content entry-content\">\n<p>En esta secci\u00f3n del curso aprenderemos el Segundo Principio de la Ley Natural de la Salud F\u00edsica: sabremos c\u00f3mo...<\/p>\n<\/div>\n\t<\/div>\r\n<\/article>\r\n<!-- Finish Post Masonry Article -->\r\n\r\n<!-- Start Post Masonry Article -->\r\n<article id=\"post-2758\" class=\"cmsmasters_post_masonry post-2758 post type-post status-publish format-standard has-post-thumbnail hentry category-curs-gratis category-obiceiuri-sanatoase category-reforma-prosalud\" data-category=\"curs-gratis obiceiuri-sanatoase reforma-prosalud\">\r\n\t<div class=\"cmsmasters_post_cont\">\r\n\t\t<figure class=\"cmsmasters_img_wrap\"><a href=\"https:\/\/reformaprovita.com\/es\/reforma-prosalud\/respirar-saludable-y-olvidar-a-los-dioses\/\" title=\"Vida saludable respirando y dejando a los \u201cdioses\u201d\" class=\"cmsmasters_img_link preloader\"><img loading=\"lazy\" decoding=\"async\" width=\"580\" height=\"364\" src=\"https:\/\/reformaprovita.com\/wp-content\/uploads\/2022\/12\/vida-saludable-respirando-580x364.jpg\" class=\"full-width wp-post-image\" alt=\"Vida saludable respirando y dejando a los \u201cdioses\u201d\" title=\"vida-saludable-respirando\" srcset=\"https:\/\/reformaprovita.com\/wp-content\/uploads\/2022\/12\/vida-saludable-respirando-580x364.jpg 580w, https:\/\/reformaprovita.com\/wp-content\/uploads\/2022\/12\/vida-saludable-respirando-18x12.jpg 18w\" sizes=\"auto, (max-width: 580px) 100vw, 580px\" \/><\/a><\/figure><header class=\"cmsmasters_post_header entry-header\"><h2 class=\"cmsmasters_post_title entry-title\"><a href=\"https:\/\/reformaprovita.com\/es\/reforma-prosalud\/respirar-saludable-y-olvidar-a-los-dioses\/\">Vida saludable respirando y dejando a los \u201cdioses\u201d<\/a><\/h2><\/header><div class=\"cmsmasters_post_content entry-content\">\n<p>Si decides vivir positivamente con una vida sana, aceptando las leyes que rigen nuestro cuerpo f\u00edsico y las que...<\/p>\n<\/div>\n\t<\/div>\r\n<\/article>\r\n<!-- Finish Post Masonry Article -->\r\n\r\n<!-- Start Post Masonry Article -->\r\n<article id=\"post-2751\" class=\"cmsmasters_post_masonry post-2751 post type-post status-publish format-standard has-post-thumbnail hentry category-curs-gratis category-obiceiuri-sanatoase category-reforma-prosalud\" data-category=\"curs-gratis obiceiuri-sanatoase reforma-prosalud\">\r\n\t<div class=\"cmsmasters_post_cont\">\r\n\t\t<figure class=\"cmsmasters_img_wrap\"><a href=\"https:\/\/reformaprovita.com\/es\/reforma-prosalud\/remedios-sencillos-para-vivir-positivamente\/\" title=\"Remedios simples para vivir en positivo\" class=\"cmsmasters_img_link preloader\"><img loading=\"lazy\" decoding=\"async\" width=\"580\" height=\"366\" src=\"https:\/\/reformaprovita.com\/wp-content\/uploads\/2022\/12\/unnamed-1-580x366.jpg\" class=\"full-width wp-post-image\" alt=\"Remedios simples para vivir en positivo\" title=\"unnamed-1\" srcset=\"https:\/\/reformaprovita.com\/wp-content\/uploads\/2022\/12\/unnamed-1-580x366.jpg 580w, https:\/\/reformaprovita.com\/wp-content\/uploads\/2022\/12\/unnamed-1-18x12.jpg 18w\" sizes=\"auto, (max-width: 580px) 100vw, 580px\" \/><\/a><\/figure><header class=\"cmsmasters_post_header entry-header\"><h2 class=\"cmsmasters_post_title entry-title\"><a href=\"https:\/\/reformaprovita.com\/es\/reforma-prosalud\/remedios-sencillos-para-vivir-positivamente\/\">Remedios simples para vivir en positivo<\/a><\/h2><\/header><div class=\"cmsmasters_post_content entry-content\">\n<p>Hay remedios simples que puede preparar para ayudarlo en su camino hacia una vida positiva que...<\/p>\n<\/div>\n\t<\/div>\r\n<\/article>\r\n<!-- Finish Post Masonry Article -->\r\n\r\n<\/div><div class=\"cmsmasters_wrap_more_posts cmsmasters_wrap_more_items\"><div class=\"cmsmasters_wrap_pagination\"><ul class='page-numbers'>\n\t<li><span aria-label=\"P\u00e1gina 1\" aria-current=\"page\" class=\"page-numbers current\" data-no-translation-aria-label=\"\">1<\/span><\/li>\n\t<li><a aria-label=\"P\u00e1gina 2\" class=\"page-numbers\" href=\"https:\/\/reformaprovita.com\/es\/wp-json\/wp\/v2\/pages\/1432\/page\/2\/\" data-no-translation-aria-label=\"\">2<\/a><\/li>\n\t<li><a class=\"next page-numbers\" href=\"https:\/\/reformaprovita.com\/es\/wp-json\/wp\/v2\/pages\/1432\/page\/2\/\"><span class=\"cmsmasters_theme_icon_pagination_next\"><span>Next<\/span><\/span><\/a><\/li>\n<\/ul>\n<\/div><\/div><\/div>\n<\/div><\/div>\n<\/div>\n<\/div>\n<\/div>\n<\/div>\n<\/div>","protected":false},"excerpt":{"rendered":"","protected":false},"author":1,"featured_media":0,"parent":0,"menu_order":0,"comment_status":"closed","ping_status":"closed","template":"","meta":{"give_campaign_id":0,"content-type":"","footnotes":""},"class_list":["post-1432","page","type-page","status-publish","hentry"],"yoast_head":"<!-- This site is optimized with the Yoast SEO plugin v27.1.1 - https:\/\/yoast.com\/product\/yoast-seo-wordpress\/ -->\n<title>Cursuri Gratuite - ReformaProvita<\/title>\n<meta name=\"robots\" content=\"index, follow, max-snippet:-1, max-image-preview:large, max-video-preview:-1\" \/>\n<link rel=\"canonical\" href=\"https:\/\/reformaprovita.com\/es\/cursos-gratuitos\/\" \/>\n<meta property=\"og:locale\" content=\"es_ES\" \/>\n<meta property=\"og:type\" content=\"article\" \/>\n<meta property=\"og:title\" content=\"Cursuri Gratuite - ReformaProvita\" \/>\n<meta property=\"og:url\" content=\"https:\/\/reformaprovita.com\/es\/cursos-gratuitos\/\" \/>\n<meta property=\"og:site_name\" content=\"ReformaProvita\" \/>\n<meta property=\"article:modified_time\" content=\"2022-12-28T09:38:45+00:00\" \/>\n<meta name=\"twitter:card\" content=\"summary_large_image\" \/>\n<meta name=\"twitter:label1\" content=\"Tiempo de lectura\" \/>\n\t<meta name=\"twitter:data1\" content=\"1 minuto\" \/>\n<script type=\"application\/ld+json\" class=\"yoast-schema-graph\">{\"@context\":\"https:\/\/schema.org\",\"@graph\":[{\"@type\":\"WebPage\",\"@id\":\"https:\/\/reformaprovita.com\/cursuri-gratuite\/\",\"url\":\"https:\/\/reformaprovita.com\/cursuri-gratuite\/\",\"name\":\"Cursuri Gratuite - ReformaProvita\",\"isPartOf\":{\"@id\":\"https:\/\/reformaprovita.com\/#website\"},\"datePublished\":\"2018-09-30T18:41:11+00:00\",\"dateModified\":\"2022-12-28T09:38:45+00:00\",\"breadcrumb\":{\"@id\":\"https:\/\/reformaprovita.com\/cursuri-gratuite\/#breadcrumb\"},\"inLanguage\":\"es\",\"potentialAction\":[{\"@type\":\"ReadAction\",\"target\":[\"https:\/\/reformaprovita.com\/cursuri-gratuite\/\"]}]},{\"@type\":\"BreadcrumbList\",\"@id\":\"https:\/\/reformaprovita.com\/cursuri-gratuite\/#breadcrumb\",\"itemListElement\":[{\"@type\":\"ListItem\",\"position\":1,\"name\":\"Home\",\"item\":\"https:\/\/reformaprovita.com\/\"},{\"@type\":\"ListItem\",\"position\":2,\"name\":\"Cursuri Gratuite\"}]},{\"@type\":\"WebSite\",\"@id\":\"https:\/\/reformaprovita.com\/#website\",\"url\":\"https:\/\/reformaprovita.com\/\",\"name\":\"ReformaProvita\",\"description\":\"Sanatate si Bunastare pentru toti\",\"potentialAction\":[{\"@type\":\"SearchAction\",\"target\":{\"@type\":\"EntryPoint\",\"urlTemplate\":\"https:\/\/reformaprovita.com\/?s={search_term_string}\"},\"query-input\":{\"@type\":\"PropertyValueSpecification\",\"valueRequired\":true,\"valueName\":\"search_term_string\"}}],\"inLanguage\":\"es\"}]}<\/script>\n<!-- \/ Yoast SEO plugin. -->","yoast_head_json":{"title":"Cursuri Gratuite - ReformaProvita","robots":{"index":"index","follow":"follow","max-snippet":"max-snippet:-1","max-image-preview":"max-image-preview:large","max-video-preview":"max-video-preview:-1"},"canonical":"https:\/\/reformaprovita.com\/es\/cursos-gratuitos\/","og_locale":"es_ES","og_type":"article","og_title":"Cursuri Gratuite - ReformaProvita","og_url":"https:\/\/reformaprovita.com\/es\/cursos-gratuitos\/","og_site_name":"ReformaProvita","article_modified_time":"2022-12-28T09:38:45+00:00","twitter_card":"summary_large_image","twitter_misc":{"Tiempo de lectura":"1 minuto"},"schema":{"@context":"https:\/\/schema.org","@graph":[{"@type":"WebPage","@id":"https:\/\/reformaprovita.com\/cursuri-gratuite\/","url":"https:\/\/reformaprovita.com\/cursuri-gratuite\/","name":"Cursuri Gratuite - ReformaProvita","isPartOf":{"@id":"https:\/\/reformaprovita.com\/#website"},"datePublished":"2018-09-30T18:41:11+00:00","dateModified":"2022-12-28T09:38:45+00:00","breadcrumb":{"@id":"https:\/\/reformaprovita.com\/cursuri-gratuite\/#breadcrumb"},"inLanguage":"es","potentialAction":[{"@type":"ReadAction","target":["https:\/\/reformaprovita.com\/cursuri-gratuite\/"]}]},{"@type":"BreadcrumbList","@id":"https:\/\/reformaprovita.com\/cursuri-gratuite\/#breadcrumb","itemListElement":[{"@type":"ListItem","position":1,"name":"Home","item":"https:\/\/reformaprovita.com\/"},{"@type":"ListItem","position":2,"name":"Cursuri Gratuite"}]},{"@type":"WebSite","@id":"https:\/\/reformaprovita.com\/#website","url":"https:\/\/reformaprovita.com\/","name":"ReformaProvita","description":"Sanatate si Bunastare pentru toti","potentialAction":[{"@type":"SearchAction","target":{"@type":"EntryPoint","urlTemplate":"https:\/\/reformaprovita.com\/?s={search_term_string}"},"query-input":{"@type":"PropertyValueSpecification","valueRequired":true,"valueName":"search_term_string"}}],"inLanguage":"es"}]}},"campaignId":"","_links":{"self":[{"href":"https:\/\/reformaprovita.com\/es\/wp-json\/wp\/v2\/pages\/1432","targetHints":{"allow":["GET"]}}],"collection":[{"href":"https:\/\/reformaprovita.com\/es\/wp-json\/wp\/v2\/pages"}],"about":[{"href":"https:\/\/reformaprovita.com\/es\/wp-json\/wp\/v2\/types\/page"}],"author":[{"embeddable":true,"href":"https:\/\/reformaprovita.com\/es\/wp-json\/wp\/v2\/users\/1"}],"replies":[{"embeddable":true,"href":"https:\/\/reformaprovita.com\/es\/wp-json\/wp\/v2\/comments?post=1432"}],"version-history":[{"count":0,"href":"https:\/\/reformaprovita.com\/es\/wp-json\/wp\/v2\/pages\/1432\/revisions"}],"wp:attachment":[{"href":"https:\/\/reformaprovita.com\/es\/wp-json\/wp\/v2\/media?parent=1432"}],"curies":[{"name":"wp","href":"https:\/\/api.w.org\/{rel}","templated":true}]}}