{"id":2820,"date":"2022-12-28T09:44:48","date_gmt":"2022-12-28T09:44:48","guid":{"rendered":"https:\/\/reformaprovita.com\/?page_id=2820"},"modified":"2023-09-14T10:12:03","modified_gmt":"2023-09-14T10:12:03","slug":"retete-vegetariene","status":"publish","type":"page","link":"https:\/\/reformaprovita.com\/es\/recetas-vegetarianas\/","title":{"rendered":"Recetas Vegetarianas"},"content":{"rendered":"<div id=\"cmsmasters_row_k8vbx09o4k\" class=\"cmsmasters_row cmsmasters_color_scheme_default cmsmasters_row_top_default cmsmasters_row_bot_default cmsmasters_row_boxed\">\n<div class=\"cmsmasters_row_outer_parent\">\n<div class=\"cmsmasters_row_outer\">\n<div class=\"cmsmasters_row_inner\">\n<div class=\"cmsmasters_row_margin\">\n<div id=\"cmsmasters_column_2mv0c67ay\" class=\"cmsmasters_column one_first\">\n<div class=\"cmsmasters_column_inner\"><div id=\"cmsmasters_heading_o7jjdjp7hj\" class=\"cmsmasters_heading_wrap cmsmasters_heading_align_center\">\n\t<h1 class=\"cmsmasters_heading\">Recetas Vegetarianas<\/h1>\n<\/div>\n<\/div><\/div>\n<\/div>\n<\/div>\n<\/div>\n<\/div>\n<\/div>\n<div id=\"cmsmasters_row_ec2mxqp3dn\" class=\"cmsmasters_row cmsmasters_color_scheme_default cmsmasters_row_top_default cmsmasters_row_bot_default cmsmasters_row_boxed\">\n<div class=\"cmsmasters_row_outer_parent\">\n<div class=\"cmsmasters_row_outer\">\n<div class=\"cmsmasters_row_inner\">\n<div class=\"cmsmasters_row_margin\">\n<div id=\"cmsmasters_column_0r1gm5s1f8\" class=\"cmsmasters_column one_first\">\n<div class=\"cmsmasters_column_inner\">\n<div id=\"blog_tqifqoil8\" class=\"cmsmasters_wrap_blog entry-summary\" data-layout=\"columns\" data-layout-mode=\"grid\" data-url=\"https:\/\/reformaprovita.com\/wp-content\/plugins\/cmsmasters-content-composer\/\" data-orderby=\"date\" data-order=\"DESC\" data-count=\"8\" data-categories=\"retete-vegetariene\" data-metadata=\"\" data-pagination=\"pagination\"><div class=\"blog columns grid cmsmasters_3\"><!-- Start Post Masonry Article -->\r\n<article id=\"post-2069\" class=\"cmsmasters_post_masonry post-2069 post type-post status-publish format-standard has-post-thumbnail hentry category-reforma-prosalud category-retete-vegetariene\" data-category=\"reforma-prosalud retete-vegetariene\">\r\n\t<div class=\"cmsmasters_post_cont\">\r\n\t\t<figure class=\"cmsmasters_img_wrap\"><a href=\"https:\/\/reformaprovita.com\/es\/reforma-prosalud\/pan-dextrinado-alimento-y-medicina\/\" title=\"Pan dextrinado alimento y medicina\" class=\"cmsmasters_img_link preloader\"><img loading=\"lazy\" decoding=\"async\" width=\"580\" height=\"366\" src=\"https:\/\/reformaprovita.com\/wp-content\/uploads\/2022\/06\/image1-h7-580x366.webp\" class=\"full-width wp-post-image\" alt=\"Pan dextrinado alimento y medicina\" title=\"image1-h7\" \/><\/a><\/figure><header class=\"cmsmasters_post_header entry-header\"><h2 class=\"cmsmasters_post_title entry-title\"><a href=\"https:\/\/reformaprovita.com\/es\/reforma-prosalud\/pan-dextrinado-alimento-y-medicina\/\">Pan dextrinado alimento y medicina<\/a><\/h2><\/header><div class=\"cmsmasters_post_content entry-content\">\n<p>La receta del pan dextrinado es sencilla: Hacer un pan en el que el 70% del total sea harina intermedia...<\/p>\n<\/div>\n\t<\/div>\r\n<\/article>\r\n<!-- Finish Post Masonry Article -->\r\n\r\n<!-- Start Post Masonry Article -->\r\n<article id=\"post-2066\" class=\"cmsmasters_post_masonry post-2066 post type-post status-publish format-standard has-post-thumbnail hentry category-reforma-prosalud category-remedii-naturale category-retete-vegetariene\" data-category=\"reforma-prosalud remedii-naturale retete-vegetariene\">\r\n\t<div class=\"cmsmasters_post_cont\">\r\n\t\t<figure class=\"cmsmasters_img_wrap\"><a href=\"https:\/\/reformaprovita.com\/es\/retete-vegetariene\/la-sopa-depurativa-el-mejor-metodo-para-limpiar-la-sangre-y-los-intestinos\/\" title=\"El caldo depurativo, el mejor m\u00e9todo para limpiar la sangre y los intestinos\" class=\"cmsmasters_img_link preloader\"><img loading=\"lazy\" decoding=\"async\" width=\"580\" height=\"366\" src=\"https:\/\/reformaprovita.com\/wp-content\/uploads\/2022\/06\/julia-kicova-rIxoNvlcg0o-unsplash-scaled-1-580x366.jpg\" class=\"full-width wp-post-image\" alt=\"El caldo depurativo, el mejor m\u00e9todo para limpiar la sangre y los intestinos\" title=\"julia-kicova-rIxoNvlcg0o-unsplash-scaled\" \/><\/a><\/figure><header class=\"cmsmasters_post_header entry-header\"><h2 class=\"cmsmasters_post_title entry-title\"><a href=\"https:\/\/reformaprovita.com\/es\/retete-vegetariene\/la-sopa-depurativa-el-mejor-metodo-para-limpiar-la-sangre-y-los-intestinos\/\">El caldo depurativo, el mejor m\u00e9todo para limpiar la sangre y los intestinos<\/a><\/h2><\/header><div class=\"cmsmasters_post_content entry-content\">\n<p>\u00bfQu\u00e9 es la sopa depurativa y qu\u00e9 efecto tiene en el organismo? La receta de la sopa detox es f\u00e1cil de hacer y\u2026<\/p>\n<\/div>\n\t<\/div>\r\n<\/article>\r\n<!-- Finish Post Masonry Article -->\r\n\r\n<!-- Start Post Masonry Article -->\r\n<article id=\"post-2047\" class=\"cmsmasters_post_masonry post-2047 post type-post status-publish format-standard has-post-thumbnail hentry category-reforma-prosalud category-retete-vegetariene\" data-category=\"reforma-prosalud retete-vegetariene\">\r\n\t<div class=\"cmsmasters_post_cont\">\r\n\t\t<figure class=\"cmsmasters_img_wrap\"><a href=\"https:\/\/reformaprovita.com\/es\/reforma-prosalud\/conoce-el-regimen-eden-la-dieta-mas-saludable\/\" title=\"Conoce la Dieta Ed\u00e9n, la dieta m\u00e1s saludable\" class=\"cmsmasters_img_link preloader\"><img loading=\"lazy\" decoding=\"async\" width=\"580\" height=\"366\" src=\"https:\/\/reformaprovita.com\/wp-content\/uploads\/2022\/06\/randy-fath-5aJVJvJ9rG8-unsplash-2048x1365-1-580x366.jpg\" class=\"full-width wp-post-image\" alt=\"Conoce la Dieta Ed\u00e9n, la dieta m\u00e1s saludable\" title=\"randy-fath-5aJVJvJ9rG8-unsplash-2048x1365\" \/><\/a><\/figure><header class=\"cmsmasters_post_header entry-header\"><h2 class=\"cmsmasters_post_title entry-title\"><a href=\"https:\/\/reformaprovita.com\/es\/reforma-prosalud\/conoce-el-regimen-eden-la-dieta-mas-saludable\/\">Conoce la Dieta Ed\u00e9n, la dieta m\u00e1s saludable<\/a><\/h2><\/header><div class=\"cmsmasters_post_content entry-content\">\n<p>Hoy vamos a hablar de un tema muy controvertido en el que probablemente hayas pensado: \u00bfcu\u00e1l es la dieta m\u00e1s saludable?...<\/p>\n<\/div>\n\t<\/div>\r\n<\/article>\r\n<!-- Finish Post Masonry Article -->\r\n\r\n<\/div><div class=\"cmsmasters_wrap_more_posts cmsmasters_wrap_more_items\"><\/div><\/div>\n<\/div><\/div>\n<\/div>\n<\/div>\n<\/div>\n<\/div>\n<\/div>","protected":false},"excerpt":{"rendered":"","protected":false},"author":3,"featured_media":0,"parent":0,"menu_order":0,"comment_status":"closed","ping_status":"closed","template":"","meta":{"give_campaign_id":0,"content-type":"","footnotes":""},"class_list":["post-2820","page","type-page","status-publish","hentry"],"yoast_head":"<!-- This site is optimized with the Yoast SEO plugin v27.1.1 - https:\/\/yoast.com\/product\/yoast-seo-wordpress\/ -->\n<title>Retete Vegetariene - ReformaProvita<\/title>\n<meta name=\"robots\" content=\"index, follow, max-snippet:-1, max-image-preview:large, max-video-preview:-1\" \/>\n<link rel=\"canonical\" href=\"https:\/\/reformaprovita.com\/es\/recetas-vegetarianas\/\" \/>\n<meta property=\"og:locale\" content=\"es_ES\" \/>\n<meta property=\"og:type\" content=\"article\" \/>\n<meta property=\"og:title\" content=\"Retete Vegetariene - ReformaProvita\" \/>\n<meta property=\"og:url\" content=\"https:\/\/reformaprovita.com\/es\/recetas-vegetarianas\/\" \/>\n<meta property=\"og:site_name\" content=\"ReformaProvita\" \/>\n<meta property=\"article:modified_time\" content=\"2023-09-14T10:12:03+00:00\" \/>\n<meta name=\"twitter:card\" content=\"summary_large_image\" \/>\n<meta name=\"twitter:label1\" content=\"Tiempo de lectura\" \/>\n\t<meta name=\"twitter:data1\" content=\"1 minuto\" \/>\n<script type=\"application\/ld+json\" class=\"yoast-schema-graph\">{\"@context\":\"https:\/\/schema.org\",\"@graph\":[{\"@type\":\"WebPage\",\"@id\":\"https:\/\/reformaprovita.com\/retete-vegetariene\/\",\"url\":\"https:\/\/reformaprovita.com\/retete-vegetariene\/\",\"name\":\"Retete Vegetariene - ReformaProvita\",\"isPartOf\":{\"@id\":\"https:\/\/reformaprovita.com\/#website\"},\"datePublished\":\"2022-12-28T09:44:48+00:00\",\"dateModified\":\"2023-09-14T10:12:03+00:00\",\"breadcrumb\":{\"@id\":\"https:\/\/reformaprovita.com\/retete-vegetariene\/#breadcrumb\"},\"inLanguage\":\"es\",\"potentialAction\":[{\"@type\":\"ReadAction\",\"target\":[\"https:\/\/reformaprovita.com\/retete-vegetariene\/\"]}]},{\"@type\":\"BreadcrumbList\",\"@id\":\"https:\/\/reformaprovita.com\/retete-vegetariene\/#breadcrumb\",\"itemListElement\":[{\"@type\":\"ListItem\",\"position\":1,\"name\":\"Home\",\"item\":\"https:\/\/reformaprovita.com\/\"},{\"@type\":\"ListItem\",\"position\":2,\"name\":\"Retete Vegetariene\"}]},{\"@type\":\"WebSite\",\"@id\":\"https:\/\/reformaprovita.com\/#website\",\"url\":\"https:\/\/reformaprovita.com\/\",\"name\":\"ReformaProvita\",\"description\":\"Sanatate si Bunastare pentru toti\",\"potentialAction\":[{\"@type\":\"SearchAction\",\"target\":{\"@type\":\"EntryPoint\",\"urlTemplate\":\"https:\/\/reformaprovita.com\/?s={search_term_string}\"},\"query-input\":{\"@type\":\"PropertyValueSpecification\",\"valueRequired\":true,\"valueName\":\"search_term_string\"}}],\"inLanguage\":\"es\"}]}<\/script>\n<!-- \/ Yoast SEO plugin. -->","yoast_head_json":{"title":"Retete Vegetariene - ReformaProvita","robots":{"index":"index","follow":"follow","max-snippet":"max-snippet:-1","max-image-preview":"max-image-preview:large","max-video-preview":"max-video-preview:-1"},"canonical":"https:\/\/reformaprovita.com\/es\/recetas-vegetarianas\/","og_locale":"es_ES","og_type":"article","og_title":"Retete Vegetariene - ReformaProvita","og_url":"https:\/\/reformaprovita.com\/es\/recetas-vegetarianas\/","og_site_name":"ReformaProvita","article_modified_time":"2023-09-14T10:12:03+00:00","twitter_card":"summary_large_image","twitter_misc":{"Tiempo de lectura":"1 minuto"},"schema":{"@context":"https:\/\/schema.org","@graph":[{"@type":"WebPage","@id":"https:\/\/reformaprovita.com\/retete-vegetariene\/","url":"https:\/\/reformaprovita.com\/retete-vegetariene\/","name":"Retete Vegetariene - ReformaProvita","isPartOf":{"@id":"https:\/\/reformaprovita.com\/#website"},"datePublished":"2022-12-28T09:44:48+00:00","dateModified":"2023-09-14T10:12:03+00:00","breadcrumb":{"@id":"https:\/\/reformaprovita.com\/retete-vegetariene\/#breadcrumb"},"inLanguage":"es","potentialAction":[{"@type":"ReadAction","target":["https:\/\/reformaprovita.com\/retete-vegetariene\/"]}]},{"@type":"BreadcrumbList","@id":"https:\/\/reformaprovita.com\/retete-vegetariene\/#breadcrumb","itemListElement":[{"@type":"ListItem","position":1,"name":"Home","item":"https:\/\/reformaprovita.com\/"},{"@type":"ListItem","position":2,"name":"Retete Vegetariene"}]},{"@type":"WebSite","@id":"https:\/\/reformaprovita.com\/#website","url":"https:\/\/reformaprovita.com\/","name":"ReformaProvita","description":"Sanatate si Bunastare pentru toti","potentialAction":[{"@type":"SearchAction","target":{"@type":"EntryPoint","urlTemplate":"https:\/\/reformaprovita.com\/?s={search_term_string}"},"query-input":{"@type":"PropertyValueSpecification","valueRequired":true,"valueName":"search_term_string"}}],"inLanguage":"es"}]}},"campaignId":"","_links":{"self":[{"href":"https:\/\/reformaprovita.com\/es\/wp-json\/wp\/v2\/pages\/2820","targetHints":{"allow":["GET"]}}],"collection":[{"href":"https:\/\/reformaprovita.com\/es\/wp-json\/wp\/v2\/pages"}],"about":[{"href":"https:\/\/reformaprovita.com\/es\/wp-json\/wp\/v2\/types\/page"}],"author":[{"embeddable":true,"href":"https:\/\/reformaprovita.com\/es\/wp-json\/wp\/v2\/users\/3"}],"replies":[{"embeddable":true,"href":"https:\/\/reformaprovita.com\/es\/wp-json\/wp\/v2\/comments?post=2820"}],"version-history":[{"count":2,"href":"https:\/\/reformaprovita.com\/es\/wp-json\/wp\/v2\/pages\/2820\/revisions"}],"predecessor-version":[{"id":2954,"href":"https:\/\/reformaprovita.com\/es\/wp-json\/wp\/v2\/pages\/2820\/revisions\/2954"}],"wp:attachment":[{"href":"https:\/\/reformaprovita.com\/es\/wp-json\/wp\/v2\/media?parent=2820"}],"curies":[{"name":"wp","href":"https:\/\/api.w.org\/{rel}","templated":true}]}}