{"id":526,"date":"2018-08-15T14:47:48","date_gmt":"2018-08-15T14:47:48","guid":{"rendered":"http:\/\/agricole.cmsmasters.net\/?page_id=526"},"modified":"2022-12-28T09:26:35","modified_gmt":"2022-12-28T09:26:35","slug":"doneaza","status":"publish","type":"page","link":"https:\/\/reformaprovita.com\/es\/donar\/","title":{"rendered":"Ay\u00fadanos"},"content":{"rendered":"<div id=\"cmsmasters_row_xdhlilkmm\" class=\"cmsmasters_row cmsmasters_color_scheme_default cmsmasters_row_top_default cmsmasters_row_bot_default cmsmasters_row_boxed\">\n<div class=\"cmsmasters_row_outer_parent\">\n<div class=\"cmsmasters_row_outer\">\n<div class=\"cmsmasters_row_inner\">\n<div class=\"cmsmasters_row_margin\">\n<div id=\"cmsmasters_column_g59m8ckj6k\" class=\"cmsmasters_column two_third\">\n<div class=\"cmsmasters_column_inner\"><div id=\"cmsmasters_heading_jk86ym3wya\" class=\"cmsmasters_heading_wrap cmsmasters_heading_align_left\">\n\t<h2 class=\"cmsmasters_heading\">\u00a1Dad esperanza a los que est\u00e1n enfermos y sin recursos materiales!<\/h2>\n<\/div><div class=\"cmsmasters_text\">\n<p class=\"p1\">Soy Emanoil Cosma, enfermero titulado, especializado en urgencias m\u00e9dicas y medicina de familia, con formaci\u00f3n en nutrici\u00f3n y metabolismo.<\/p>\n<p class=\"p1\">Seguramente has escuchado sobre el trabajo que realizo, y si a\u00fan no lo sabes, te invito a unirte al grupo de Facebook: Pro Reforma de Salud y tratamientos naturales.<\/p>\n<p class=\"p1\">Ahora que comprendes cu\u00e1ntos enfermos hay en este mundo, te das cuenta de que muchos de ellos no solo no pueden pagar un tratamiento completo, sino que ni siquiera tienen dinero para la comida necesaria. Realmente quiero ayudar a todos, pero mis recursos son limitados y necesito su apoyo.<\/p>\n<p class=\"p1\">Si desea donar, le agradezco de antemano y lo animo a que explique por qu\u00e9 ha elegido apoyar esta causa dejando un mensaje en el grupo de Facebook o un comentario aqu\u00ed.<\/p>\n<p class=\"p1\">Gracias por tu apoyo. Dios te bendiga con salud y fe!<\/p>\n<p class=\"p1\">Saludos,<br \/>\nEmanoil Cosma- Auxiliar m\u00e9dico titulado. Natur\u00f3pata. Coach en nutrici\u00f3n y metabolismo.<\/p>\n<\/div>\n<\/div><\/div>\n<div id=\"cmsmasters_column_7c3059bncf\" class=\"cmsmasters_column one_third\">\n<div class=\"cmsmasters_column_inner\"><div class=\"cmsmasters_text\">\n<p><\/p>\n<p>&nbsp;<\/p>\n<\/div>\n<div class=\"cmsmasters_text\">\n<div class=\"give-embed-form-wrapper\" id=\"give-69d4307e56243\"><iframe\n\t\t\t\tname=\"give-embed-form\"\n\t\t\t\tsrc=\"https:\/\/reformaprovita.com\/es\/give\/2037-2?giveDonationFormInIframe=1\"\n\t\t\t\t\n\t\t\t\tdata-autoscroll=\"0\"\n\t\t\t\tonload=\"if( 'undefined' !== typeof Give ) { Give.initializeIframeResize(this) }\"\n\t\t\t\tstyle=\"border: 0;visibility: hidden;min-height: 423px;\"><\/iframe><div class=\"iframe-loader\">\n<div style=\"\t\theight: calc(100% - 28px);\t\twidth: calc(100% - 20px);\t\tmax-width: 552px;\t\tmargin: 10px auto 10px auto;\t\tbackground: transparent;\t\tborder-radius: 6px;\t\tdisplay: flex;\t\talign-items: center;\t\tjustify-content: center;\t\">\n    <div style=\"        pointer-events: none;        height: 90px;        width: 90px;        background-image: url(&quot;data:image\/svg+xml;charset=utf8,%3C?xml version='1.0' encoding='utf-8'?%3E%3C!-- Generator: Adobe Illustrator 24.1.0, SVG Export Plug-In . SVG Version: 6.00 Build 0) --%3E%3Csvg version='1.1' id='Layer_1' xmlns='http:\/\/www.w3.org\/2000\/svg' xmlns:xlink='http:\/\/www.w3.org\/1999\/xlink' x='0px' y='0px' viewBox='0 0 349 348' style='enable-background:new 0 0 349 348;' xml:space='preserve'%3E%3Cstyle type='text\/css'%3E .st0{fill:%2328C77B;} %3C\/style%3E%3Cpath class='st0' d='M25.1,204.57c-13.38,0-24.47-10.6-24.97-24.08C0.04,178.09,0,175.97,0,174C0,77.78,78.28-0.5,174.5-0.5 c13.81,0,25,11.19,25,25s-11.19,25-25,25C105.85,49.5,50,105.35,50,174c0,1.37,0.03,2.85,0.1,4.65c0.51,13.8-10.27,25.39-24.07,25.9 C25.72,204.56,25.41,204.57,25.1,204.57z'\/%3E%3Cpath class='st0' d='M174.5,348.5c-13.81,0-25-11.19-25-25c0-13.81,11.19-25,25-25c68.65,0,124.5-55.85,124.5-124.5 c0-1.38-0.03-2.85-0.1-4.65c-0.51-13.8,10.26-25.4,24.06-25.91c13.83-0.53,25.4,10.26,25.91,24.06c0.09,2.39,0.13,4.51,0.13,6.49 C349,270.22,270.72,348.5,174.5,348.5z'\/%3E%3C\/svg%3E&quot;);        animation: spin 0.6s linear infinite;        \"><\/div>\n<\/div>\n<\/div><\/div>\n<p><!-- \/wp:post-content --><\/p>\n<\/div>\n<div class=\"cmsmasters_text\">\n<p><\/p>\n<p><!-- \/wp:shortcode --><\/p>\n<\/div>\n<\/div><\/div>\n<\/div>\n<\/div>\n<\/div>\n<\/div>\n<\/div>\n<!-- \/wp:freeform -->","protected":false},"excerpt":{"rendered":"","protected":false},"author":1,"featured_media":0,"parent":0,"menu_order":0,"comment_status":"closed","ping_status":"closed","template":"","meta":{"give_campaign_id":0,"content-type":"","footnotes":""},"class_list":["post-526","page","type-page","status-publish","hentry"],"yoast_head":"<!-- This site is optimized with the Yoast SEO plugin v27.1.1 - https:\/\/yoast.com\/product\/yoast-seo-wordpress\/ -->\n<title>Ajuta-ne - ReformaProvita<\/title>\n<meta name=\"robots\" content=\"index, follow, max-snippet:-1, max-image-preview:large, max-video-preview:-1\" \/>\n<link rel=\"canonical\" href=\"https:\/\/reformaprovita.com\/es\/donar\/\" \/>\n<meta property=\"og:locale\" content=\"es_ES\" \/>\n<meta property=\"og:type\" content=\"article\" \/>\n<meta property=\"og:title\" content=\"Ajuta-ne - ReformaProvita\" \/>\n<meta property=\"og:url\" content=\"https:\/\/reformaprovita.com\/es\/donar\/\" \/>\n<meta property=\"og:site_name\" content=\"ReformaProvita\" \/>\n<meta property=\"article:modified_time\" content=\"2022-12-28T09:26:35+00:00\" \/>\n<meta name=\"twitter:card\" content=\"summary_large_image\" \/>\n<meta name=\"twitter:label1\" content=\"Tiempo de lectura\" \/>\n\t<meta name=\"twitter:data1\" content=\"4 minutos\" \/>\n<script type=\"application\/ld+json\" class=\"yoast-schema-graph\">{\"@context\":\"https:\/\/schema.org\",\"@graph\":[{\"@type\":\"WebPage\",\"@id\":\"https:\/\/reformaprovita.com\/doneaza\/\",\"url\":\"https:\/\/reformaprovita.com\/doneaza\/\",\"name\":\"Ajuta-ne - ReformaProvita\",\"isPartOf\":{\"@id\":\"https:\/\/reformaprovita.com\/#website\"},\"datePublished\":\"2018-08-15T14:47:48+00:00\",\"dateModified\":\"2022-12-28T09:26:35+00:00\",\"breadcrumb\":{\"@id\":\"https:\/\/reformaprovita.com\/doneaza\/#breadcrumb\"},\"inLanguage\":\"es\",\"potentialAction\":[{\"@type\":\"ReadAction\",\"target\":[\"https:\/\/reformaprovita.com\/doneaza\/\"]}]},{\"@type\":\"BreadcrumbList\",\"@id\":\"https:\/\/reformaprovita.com\/doneaza\/#breadcrumb\",\"itemListElement\":[{\"@type\":\"ListItem\",\"position\":1,\"name\":\"Home\",\"item\":\"https:\/\/reformaprovita.com\/\"},{\"@type\":\"ListItem\",\"position\":2,\"name\":\"Ajuta-ne\"}]},{\"@type\":\"WebSite\",\"@id\":\"https:\/\/reformaprovita.com\/#website\",\"url\":\"https:\/\/reformaprovita.com\/\",\"name\":\"ReformaProvita\",\"description\":\"Sanatate si Bunastare pentru toti\",\"potentialAction\":[{\"@type\":\"SearchAction\",\"target\":{\"@type\":\"EntryPoint\",\"urlTemplate\":\"https:\/\/reformaprovita.com\/?s={search_term_string}\"},\"query-input\":{\"@type\":\"PropertyValueSpecification\",\"valueRequired\":true,\"valueName\":\"search_term_string\"}}],\"inLanguage\":\"es\"}]}<\/script>\n<!-- \/ Yoast SEO plugin. -->","yoast_head_json":{"title":"Ajuta-ne - ReformaProvita","robots":{"index":"index","follow":"follow","max-snippet":"max-snippet:-1","max-image-preview":"max-image-preview:large","max-video-preview":"max-video-preview:-1"},"canonical":"https:\/\/reformaprovita.com\/es\/donar\/","og_locale":"es_ES","og_type":"article","og_title":"Ajuta-ne - ReformaProvita","og_url":"https:\/\/reformaprovita.com\/es\/donar\/","og_site_name":"ReformaProvita","article_modified_time":"2022-12-28T09:26:35+00:00","twitter_card":"summary_large_image","twitter_misc":{"Tiempo de lectura":"4 minutos"},"schema":{"@context":"https:\/\/schema.org","@graph":[{"@type":"WebPage","@id":"https:\/\/reformaprovita.com\/doneaza\/","url":"https:\/\/reformaprovita.com\/doneaza\/","name":"Ajuta-ne - ReformaProvita","isPartOf":{"@id":"https:\/\/reformaprovita.com\/#website"},"datePublished":"2018-08-15T14:47:48+00:00","dateModified":"2022-12-28T09:26:35+00:00","breadcrumb":{"@id":"https:\/\/reformaprovita.com\/doneaza\/#breadcrumb"},"inLanguage":"es","potentialAction":[{"@type":"ReadAction","target":["https:\/\/reformaprovita.com\/doneaza\/"]}]},{"@type":"BreadcrumbList","@id":"https:\/\/reformaprovita.com\/doneaza\/#breadcrumb","itemListElement":[{"@type":"ListItem","position":1,"name":"Home","item":"https:\/\/reformaprovita.com\/"},{"@type":"ListItem","position":2,"name":"Ajuta-ne"}]},{"@type":"WebSite","@id":"https:\/\/reformaprovita.com\/#website","url":"https:\/\/reformaprovita.com\/","name":"ReformaProvita","description":"Sanatate si Bunastare pentru toti","potentialAction":[{"@type":"SearchAction","target":{"@type":"EntryPoint","urlTemplate":"https:\/\/reformaprovita.com\/?s={search_term_string}"},"query-input":{"@type":"PropertyValueSpecification","valueRequired":true,"valueName":"search_term_string"}}],"inLanguage":"es"}]}},"campaignId":"","_links":{"self":[{"href":"https:\/\/reformaprovita.com\/es\/wp-json\/wp\/v2\/pages\/526","targetHints":{"allow":["GET"]}}],"collection":[{"href":"https:\/\/reformaprovita.com\/es\/wp-json\/wp\/v2\/pages"}],"about":[{"href":"https:\/\/reformaprovita.com\/es\/wp-json\/wp\/v2\/types\/page"}],"author":[{"embeddable":true,"href":"https:\/\/reformaprovita.com\/es\/wp-json\/wp\/v2\/users\/1"}],"replies":[{"embeddable":true,"href":"https:\/\/reformaprovita.com\/es\/wp-json\/wp\/v2\/comments?post=526"}],"version-history":[{"count":0,"href":"https:\/\/reformaprovita.com\/es\/wp-json\/wp\/v2\/pages\/526\/revisions"}],"wp:attachment":[{"href":"https:\/\/reformaprovita.com\/es\/wp-json\/wp\/v2\/media?parent=526"}],"curies":[{"name":"wp","href":"https:\/\/api.w.org\/{rel}","templated":true}]}}