{"id":664,"date":"2018-08-20T13:26:20","date_gmt":"2018-08-20T13:26:20","guid":{"rendered":"http:\/\/agricole.cmsmasters.net\/?page_id=664"},"modified":"2023-05-31T23:08:16","modified_gmt":"2023-05-31T23:08:16","slug":"despre-noi","status":"publish","type":"page","link":"https:\/\/reformaprovita.com\/es\/nosotros\/","title":{"rendered":"Nosotros"},"content":{"rendered":"<div id=\"cmsmasters_row_zfmz24qvyc\" class=\"cmsmasters_row cmsmasters_color_scheme_default cmsmasters_row_top_default cmsmasters_row_bot_default cmsmasters_row_boxed\">\n<div class=\"cmsmasters_row_outer_parent\">\n<div class=\"cmsmasters_row_outer\">\n<div class=\"cmsmasters_row_inner\">\n<div class=\"cmsmasters_row_margin\">\n<div id=\"cmsmasters_column_v0usldno2m\" class=\"cmsmasters_column one_first\">\n<div class=\"cmsmasters_column_inner\"><div id=\"cmsmasters_heading_ekolqmwrm\" class=\"cmsmasters_heading_wrap cmsmasters_heading_align_center\">\n\t<h2 class=\"cmsmasters_heading\">\u00bfQui\u00e9n somos?<\/h2>\n<\/div>\n<\/div><\/div>\n<\/div>\n<\/div>\n<\/div>\n<\/div>\n<\/div>\n<div id=\"cmsmasters_row_hp8ig170y\" class=\"cmsmasters_row cmsmasters_color_scheme_default cmsmasters_row_top_default cmsmasters_row_bot_default cmsmasters_row_boxed\">\n<div class=\"cmsmasters_row_outer_parent\">\n<div class=\"cmsmasters_row_outer\">\n<div class=\"cmsmasters_row_inner\">\n<div class=\"cmsmasters_row_margin\">\n<div id=\"cmsmasters_column_4886psqre5\" class=\"cmsmasters_column two_third\">\n<div class=\"cmsmasters_column_inner\"><div id=\"cmsmasters_heading_8un0h2nxfp\" class=\"cmsmasters_heading_wrap cmsmasters_heading_align_left\">\n\t<h2 class=\"cmsmasters_heading\">Soy Emanoil Cosma, enfermero titulado, experto en urgencias m\u00e9dicas, con m\u00e1s de 20 a\u00f1os de experiencia en medicina de familia y urgencias m\u00e9dicas. Hace 7 a\u00f1os descubr\u00ed la Reforma de Salud, una teor\u00eda con la ayuda de la cual mejor\u00e9 mi salud hasta l\u00edmites incre\u00edbles, aplicando las leyes de la salud de manera inteligente y bien adaptada a cada condici\u00f3n. Estando yo misma enferma logr\u00e9 controlar perfectamente la gastritis cr\u00f3nica que padec\u00eda, as\u00ed como la ansiedad, colon irritable y condiciones al\u00e9rgicas que me complicaban mucho la vida, sin necesidad de pastillas. Fascinado por los resultados, comenc\u00e9 a estudiar nutrici\u00f3n y posteriormente Reforma de Salud al m\u00e1s alto nivel, completando un Posgrado en Nutrici\u00f3n y luego cursando un Doctorado en Nutrici\u00f3n y Metabolismo. Logr\u00e9 en los \u00faltimos 6 a\u00f1os, ayudado por mi esposa, cambiar la vida de m\u00e1s de 6000 personas, educ\u00e1ndolos a comer, beber y vivir, respetando las 10 leyes de la salud, ense\u00f1\u00e1ndoles tambi\u00e9n c\u00f3mo aplicar correctamente los remedios naturales simples. , sin intoxicar m\u00e1s el cuerpo ya enfermo, a trav\u00e9s de un protocolo adaptado a cada persona, seg\u00fan edad, altura, peso y condiciones colaterales. Gracias a Dios, mi esposa y mis seres queridos, he podido llevar este maravilloso trabajo hasta aqu\u00ed y deseo sinceramente que lleguemos a tantas personas como sea posible en un futuro cercano. Gracias a todos los que creyeron, aplicaron y a trav\u00e9s de su experiencia pudieron testificar que la promesa divina en \u00c9xodo 15:26 es v\u00e1lida para todo aquel que entienda que para recibir la bendici\u00f3n debe cooperar con el Gran M\u00e9dico, obedeciendo las leyes y Sus ordenanzas, porque s\u00f3lo as\u00ed restaurar\u00e1 la salud perdida.<\/h2>\n<\/div>\n<\/div><\/div>\n<div id=\"cmsmasters_column_xbdtpmztxl\" class=\"cmsmasters_column one_third\">\n<div class=\"cmsmasters_column_inner\"><div id=\"cmsmasters_fb_uwyodbt7cx\" class=\"cmsmasters_featured_block\">\n<div class=\"featured_block_inner\">\n<div class=\"featured_block_text\">\n<div style=\"position: relative; padding-bottom: 56.25%;\"><iframe loading=\"lazy\" style=\"position: absolute; top: 0; left: 0; width: 100%; height: 100%;\" title=\"Entrevista realizada en A7TV, con Emanoil Cosma, Enfermero y Consultor de salud familiar.\" src=\"https:\/\/www.youtube.com\/embed\/dbN-YCnmTfw\" name=\"2631b510-178b-45f1-b15d-cfa2802df2dc\" width=\"950\" height=\"534\" frameborder=\"0\" allowfullscreen=\"allowfullscreen\"><\/iframe><\/div>\n\n<\/div>\n<\/div>\n<\/div>\n<\/div><\/div>\n<\/div>\n<\/div>\n<\/div>\n<\/div>\n<\/div>\n<div id=\"cmsmasters_row_3gq74t6eq9\" class=\"cmsmasters_row cmsmasters_color_scheme_default cmsmasters_row_top_default cmsmasters_row_bot_default cmsmasters_row_boxed\">\n<div class=\"cmsmasters_row_outer_parent\">\n<div class=\"cmsmasters_row_outer\">\n<div class=\"cmsmasters_row_inner\">\n<div class=\"cmsmasters_row_margin\">\n<div id=\"cmsmasters_column_832d0q0ix\" class=\"cmsmasters_column one_first\">\n<div class=\"cmsmasters_column_inner\"><div id=\"cmsmasters_heading_caqw1k34yb\" class=\"cmsmasters_heading_wrap cmsmasters_heading_align_left\">\n\t<h2 class=\"cmsmasters_heading\">Arcilla roja<\/h2>\n<\/div><div id=\"cmsmasters_heading_szgn23ruug\" class=\"cmsmasters_heading_wrap cmsmasters_heading_align_left\">\n\t<h2 class=\"cmsmasters_heading\">La arcilla roja medicinal es un verdadero regalo de la naturaleza porque absorbe las radiaciones nocivas, destruye las c\u00e9lulas enfermas, desintoxica el organismo extrayendo las toxinas de la piel, reduce la inflamaci\u00f3n y tiene efectos calmantes y refrescantes.<\/h2>\n<\/div>\n<\/div><\/div>\n<\/div>\n<\/div>\n<\/div>\n<\/div>\n<\/div>\n<div id=\"cmsmasters_row_do7xqtmgha\" class=\"cmsmasters_row cmsmasters_color_scheme_default cmsmasters_row_top_default cmsmasters_row_bot_default cmsmasters_row_boxed\">\n<div class=\"cmsmasters_row_outer_parent\">\n<div class=\"cmsmasters_row_outer\">\n<div class=\"cmsmasters_row_inner\">\n<div class=\"cmsmasters_row_margin\">\n<div id=\"cmsmasters_column_y1ul9pe4se\" class=\"cmsmasters_column one_first\">\n<div class=\"cmsmasters_column_inner\"><div id=\"cmsmasters_heading_ci5d7sp4tj\" class=\"cmsmasters_heading_wrap cmsmasters_heading_align_center\">\n\t<h2 class=\"cmsmasters_heading\">Testimonios<\/h2>\n<\/div>\n<\/div><\/div>\n<\/div>\n<\/div>\n<div class=\"cmsmasters_row_inner\">\n<div class=\"cmsmasters_row_margin\">\n<div id=\"cmsmasters_column_30v52y8bmo\" class=\"cmsmasters_column one_first\">\n<div class=\"cmsmasters_column_inner\"><div class=\"cmsmasters_quotes cmsmasters_quotes_grid quote_two\">\n<span class=\"cmsmasters_quotes_vert\"><span><\/span><\/span><div class=\"cmsmasters_quotes_list\">\n<div class=\"cmsmasters_quote\">\n<!-- Start Quote Grid Article -->\r\n<article class=\"cmsmasters_quote_inner\">\r\n<div class=\"cmsmasters_quote_content\">\n<p>Quiero agradecerle al Sr. Cosma por la dieta (milagrosa) que me gusta llamar. Admito, al principio, era esc\u00e9ptica de que me fuera \u00fatil. Pero dije que no pierdo nada si lo intento. As\u00ed que comenc\u00e9 este programa y despu\u00e9s de 3-4 d\u00edas me sent\u00ed muy bien y comenc\u00e9 a confiar en el programa y especialmente en el Sr. Cosma. No me he sentido tan bien de hace a\u00f1os. Tuve problemas con la gastritis, tambi\u00e9n tuve hinchaz\u00f3n y reflujo gastroesof\u00e1gico. Ya tengo un mes y medio de tratamiento natural y me siento muy, muy bien. Tambi\u00e9n le agradezco a Dios por tener personas especiales aqu\u00ed en la tierra a quienes usa para ayudar a los necesitados.<\/p>\n<\/div><div class=\"cmsmasters_quote_img_info_wrap\"><figure class=\"cmsmasters_quote_image\"><img loading=\"lazy\" decoding=\"async\" width=\"75\" height=\"75\" src=\"https:\/\/reformaprovita.com\/wp-content\/uploads\/2018\/10\/slide2-2-2-75x75.png\" class=\"attachment-cmsmasters-small-thumb size-cmsmasters-small-thumb\" alt=\"\" srcset=\"https:\/\/reformaprovita.com\/wp-content\/uploads\/2018\/10\/slide2-2-2-75x75.png 75w, https:\/\/reformaprovita.com\/wp-content\/uploads\/2018\/10\/slide2-2-2-100x100.png 100w\" sizes=\"auto, (max-width: 75px) 100vw, 75px\" \/><\/figure><div class=\"cmsmasters_quote_info_wrap\"><header class=\"cmsmasters_quote_header\"><h4 class=\"cmsmasters_quote_title\">Ana O<\/h4><\/header><div class=\"cmsmasters_quote_subtitle_wrap\"><h6 class=\"cmsmasters_quote_subtitle\">Paciente<\/h6><\/div><\/div><\/div><\/article>\r\n<!-- Finish Quote Grid Article -->\r\n\r\n<\/div>\n<div class=\"cmsmasters_quote\">\n<!-- Start Quote Grid Article -->\r\n<article class=\"cmsmasters_quote_inner\">\r\n<div class=\"cmsmasters_quote_content\">\n<p>Hola. Empiezo el segundo mes de tratamiento. Gracias a Dios por darme fuerzas y al Sr. Emanoil Cosma por su tratamiento y orientaci\u00f3n. Despu\u00e9s de un mes de tratamiento, me siento muy, muy bien, antes estaba cansada todo el tiempo, siempre estaba enferma, con n\u00e1useas, v\u00f3mitos, reflujo g\u00e1strico y ansiedad. Ahora estos s\u00edntomas est\u00e1n casi desaparecidos. Perd\u00ed casi 10 kg, como bonus, adem\u00e1s de todos estos efectos positivos. Para aquellos que no han decidido comenzar, les animo a que lo hagan, ya que el cambio es extraordinario. \u00a1Buena suerte a todos!<\/p>\n<\/div><div class=\"cmsmasters_quote_img_info_wrap\"><figure class=\"cmsmasters_quote_image\"><img loading=\"lazy\" decoding=\"async\" width=\"75\" height=\"75\" src=\"https:\/\/reformaprovita.com\/wp-content\/uploads\/2018\/10\/slide2-1-2-75x75.png\" class=\"attachment-cmsmasters-small-thumb size-cmsmasters-small-thumb\" alt=\"\" srcset=\"https:\/\/reformaprovita.com\/wp-content\/uploads\/2018\/10\/slide2-1-2-75x75.png 75w, https:\/\/reformaprovita.com\/wp-content\/uploads\/2018\/10\/slide2-1-2-100x100.png 100w, https:\/\/reformaprovita.com\/wp-content\/uploads\/2018\/10\/slide2-1-2-150x150.png 150w\" sizes=\"auto, (max-width: 75px) 100vw, 75px\" \/><\/figure><div class=\"cmsmasters_quote_info_wrap\"><header class=\"cmsmasters_quote_header\"><h4 class=\"cmsmasters_quote_title\">Victoria Z<\/h4><\/header><div class=\"cmsmasters_quote_subtitle_wrap\"><h6 class=\"cmsmasters_quote_subtitle\">Paciente<\/h6><\/div><\/div><\/div><\/article>\r\n<!-- Finish Quote Grid Article -->\r\n\r\n<\/div>\n<span class=\"cl\"><\/span><\/div><div class=\"cmsmasters_quotes_list\"><div class=\"cmsmasters_quote\">\n<!-- Start Quote Grid Article -->\r\n<article class=\"cmsmasters_quote_inner\">\r\n<div class=\"cmsmasters_quote_content\">\n<p>Gracias Emanuel por hablarme de reformaprovita. No quiero ni recordar esos d\u00edas de sufrimiento. No pod\u00eda ver una salida. Emanuel, gracias por ayudarme a cambiar mi forma de comer y beber. He aprendido a vivir de acuerdo con las leyes de salud que rigen nuestros cuerpos. Y la ansiedad y la depresi\u00f3n me abandonaron. Ahora mi \u00fanico problema es que mi ropa sigue grande, debido a que perd\u00ed 10 kilos. Ahora es un placer comer sano. Doy gracias a Dios por darme esta nueva oportunidad. Os animo a todos, merecer\u00e1 la pena!<\/p>\n<\/div><div class=\"cmsmasters_quote_img_info_wrap\"><figure class=\"cmsmasters_quote_image\"><img loading=\"lazy\" decoding=\"async\" width=\"75\" height=\"75\" src=\"https:\/\/reformaprovita.com\/wp-content\/uploads\/2018\/10\/slide2-1-2-75x75.png\" class=\"attachment-cmsmasters-small-thumb size-cmsmasters-small-thumb\" alt=\"\" srcset=\"https:\/\/reformaprovita.com\/wp-content\/uploads\/2018\/10\/slide2-1-2-75x75.png 75w, https:\/\/reformaprovita.com\/wp-content\/uploads\/2018\/10\/slide2-1-2-100x100.png 100w, https:\/\/reformaprovita.com\/wp-content\/uploads\/2018\/10\/slide2-1-2-150x150.png 150w\" sizes=\"auto, (max-width: 75px) 100vw, 75px\" \/><\/figure><div class=\"cmsmasters_quote_info_wrap\"><header class=\"cmsmasters_quote_header\"><h4 class=\"cmsmasters_quote_title\">Cristian A<\/h4><\/header><div class=\"cmsmasters_quote_subtitle_wrap\"><h6 class=\"cmsmasters_quote_subtitle\">Paciente<\/h6><\/div><\/div><\/div><\/article>\r\n<!-- Finish Quote Grid Article -->\r\n\r\n<\/div>\n<span class=\"cl\"><\/span><\/div>\n<\/div>\n<\/div><\/div>\n<\/div>\n<\/div>\n<\/div>\n<\/div>\n<\/div>","protected":false},"excerpt":{"rendered":"","protected":false},"author":1,"featured_media":0,"parent":0,"menu_order":0,"comment_status":"closed","ping_status":"closed","template":"","meta":{"give_campaign_id":0,"content-type":"","footnotes":""},"class_list":["post-664","page","type-page","status-publish","hentry"],"yoast_head":"<!-- This site is optimized with the Yoast SEO plugin v27.1.1 - https:\/\/yoast.com\/product\/yoast-seo-wordpress\/ -->\n<title>Despre Noi - ReformaProvita<\/title>\n<meta name=\"robots\" content=\"index, follow, max-snippet:-1, max-image-preview:large, max-video-preview:-1\" \/>\n<link rel=\"canonical\" href=\"https:\/\/reformaprovita.com\/es\/nosotros\/\" \/>\n<meta property=\"og:locale\" content=\"es_ES\" \/>\n<meta property=\"og:type\" content=\"article\" \/>\n<meta property=\"og:title\" content=\"Despre Noi - ReformaProvita\" \/>\n<meta property=\"og:url\" content=\"https:\/\/reformaprovita.com\/es\/nosotros\/\" \/>\n<meta property=\"og:site_name\" content=\"ReformaProvita\" \/>\n<meta property=\"article:modified_time\" content=\"2023-05-31T23:08:16+00:00\" \/>\n<meta name=\"twitter:card\" content=\"summary_large_image\" \/>\n<meta name=\"twitter:label1\" content=\"Tiempo de lectura\" \/>\n\t<meta name=\"twitter:data1\" content=\"5 minutos\" \/>\n<script type=\"application\/ld+json\" class=\"yoast-schema-graph\">{\"@context\":\"https:\/\/schema.org\",\"@graph\":[{\"@type\":\"WebPage\",\"@id\":\"https:\/\/reformaprovita.com\/despre-noi\/\",\"url\":\"https:\/\/reformaprovita.com\/despre-noi\/\",\"name\":\"Despre Noi - ReformaProvita\",\"isPartOf\":{\"@id\":\"https:\/\/reformaprovita.com\/#website\"},\"datePublished\":\"2018-08-20T13:26:20+00:00\",\"dateModified\":\"2023-05-31T23:08:16+00:00\",\"breadcrumb\":{\"@id\":\"https:\/\/reformaprovita.com\/despre-noi\/#breadcrumb\"},\"inLanguage\":\"es\",\"potentialAction\":[{\"@type\":\"ReadAction\",\"target\":[\"https:\/\/reformaprovita.com\/despre-noi\/\"]}]},{\"@type\":\"BreadcrumbList\",\"@id\":\"https:\/\/reformaprovita.com\/despre-noi\/#breadcrumb\",\"itemListElement\":[{\"@type\":\"ListItem\",\"position\":1,\"name\":\"Home\",\"item\":\"https:\/\/reformaprovita.com\/\"},{\"@type\":\"ListItem\",\"position\":2,\"name\":\"Despre Noi\"}]},{\"@type\":\"WebSite\",\"@id\":\"https:\/\/reformaprovita.com\/#website\",\"url\":\"https:\/\/reformaprovita.com\/\",\"name\":\"ReformaProvita\",\"description\":\"Sanatate si Bunastare pentru toti\",\"potentialAction\":[{\"@type\":\"SearchAction\",\"target\":{\"@type\":\"EntryPoint\",\"urlTemplate\":\"https:\/\/reformaprovita.com\/?s={search_term_string}\"},\"query-input\":{\"@type\":\"PropertyValueSpecification\",\"valueRequired\":true,\"valueName\":\"search_term_string\"}}],\"inLanguage\":\"es\"}]}<\/script>\n<!-- \/ Yoast SEO plugin. -->","yoast_head_json":{"title":"Despre Noi - ReformaProvita","robots":{"index":"index","follow":"follow","max-snippet":"max-snippet:-1","max-image-preview":"max-image-preview:large","max-video-preview":"max-video-preview:-1"},"canonical":"https:\/\/reformaprovita.com\/es\/nosotros\/","og_locale":"es_ES","og_type":"article","og_title":"Despre Noi - ReformaProvita","og_url":"https:\/\/reformaprovita.com\/es\/nosotros\/","og_site_name":"ReformaProvita","article_modified_time":"2023-05-31T23:08:16+00:00","twitter_card":"summary_large_image","twitter_misc":{"Tiempo de lectura":"5 minutos"},"schema":{"@context":"https:\/\/schema.org","@graph":[{"@type":"WebPage","@id":"https:\/\/reformaprovita.com\/despre-noi\/","url":"https:\/\/reformaprovita.com\/despre-noi\/","name":"Despre Noi - ReformaProvita","isPartOf":{"@id":"https:\/\/reformaprovita.com\/#website"},"datePublished":"2018-08-20T13:26:20+00:00","dateModified":"2023-05-31T23:08:16+00:00","breadcrumb":{"@id":"https:\/\/reformaprovita.com\/despre-noi\/#breadcrumb"},"inLanguage":"es","potentialAction":[{"@type":"ReadAction","target":["https:\/\/reformaprovita.com\/despre-noi\/"]}]},{"@type":"BreadcrumbList","@id":"https:\/\/reformaprovita.com\/despre-noi\/#breadcrumb","itemListElement":[{"@type":"ListItem","position":1,"name":"Home","item":"https:\/\/reformaprovita.com\/"},{"@type":"ListItem","position":2,"name":"Despre Noi"}]},{"@type":"WebSite","@id":"https:\/\/reformaprovita.com\/#website","url":"https:\/\/reformaprovita.com\/","name":"ReformaProvita","description":"Sanatate si Bunastare pentru toti","potentialAction":[{"@type":"SearchAction","target":{"@type":"EntryPoint","urlTemplate":"https:\/\/reformaprovita.com\/?s={search_term_string}"},"query-input":{"@type":"PropertyValueSpecification","valueRequired":true,"valueName":"search_term_string"}}],"inLanguage":"es"}]}},"campaignId":"","_links":{"self":[{"href":"https:\/\/reformaprovita.com\/es\/wp-json\/wp\/v2\/pages\/664","targetHints":{"allow":["GET"]}}],"collection":[{"href":"https:\/\/reformaprovita.com\/es\/wp-json\/wp\/v2\/pages"}],"about":[{"href":"https:\/\/reformaprovita.com\/es\/wp-json\/wp\/v2\/types\/page"}],"author":[{"embeddable":true,"href":"https:\/\/reformaprovita.com\/es\/wp-json\/wp\/v2\/users\/1"}],"replies":[{"embeddable":true,"href":"https:\/\/reformaprovita.com\/es\/wp-json\/wp\/v2\/comments?post=664"}],"version-history":[{"count":0,"href":"https:\/\/reformaprovita.com\/es\/wp-json\/wp\/v2\/pages\/664\/revisions"}],"wp:attachment":[{"href":"https:\/\/reformaprovita.com\/es\/wp-json\/wp\/v2\/media?parent=664"}],"curies":[{"name":"wp","href":"https:\/\/api.w.org\/{rel}","templated":true}]}}