{"id":2084,"date":"2022-07-22T09:07:19","date_gmt":"2022-07-22T09:07:19","guid":{"rendered":"https:\/\/reformaprovita.com\/?post_type=product&#038;p=2084"},"modified":"2022-12-27T20:40:13","modified_gmt":"2022-12-27T20:40:13","slug":"argila-rosie","status":"publish","type":"product","link":"https:\/\/reformaprovita.com\/es\/shop\/arcilla-roja\/","title":{"rendered":"Arcilla roja"},"content":{"rendered":"<p>La arcilla roja medicinal es un verdadero regalo de la naturaleza porque absorbe las radiaciones nocivas, destruye las c\u00e9lulas enfermas, desintoxica el organismo extrayendo las toxinas de la piel, reduce la inflamaci\u00f3n y tiene efectos calmantes y refrescantes. Es, en s\u00ed mismo, un remedio completo y eficaz en el tratamiento de m\u00e1s de 300 dolencias\u201d<\/p>\n<p>Su caracter\u00edstico color rojizo se debe al contenido de hierro y \u00f3xido de cobre.<\/p>\n<p>&nbsp;<\/p>\n<p><strong>Propiedades terap\u00e9uticas de la arcilla roja medicinal:<\/strong><\/p>\n<p>-Extremadamente eficaz para pieles sensibles y delicadas, teniendo un papel t\u00f3nico y vitalizante.<\/p>\n<p>- Combate el acn\u00e9 y las intoxicaciones corporales, actuando como extractor de toxinas.<\/p>\n<p>-Es un excelente exfoliante y combate con \u00e9xito el acn\u00e9, liberando los poros de toxinas que bloquean la correcta salida de los desechos, eliminando as\u00ed los puntos negros y las espinillas.<\/p>\n<p>-Mejora el cabello, haci\u00e9ndolo m\u00e1s fuerte.<\/p>\n<p>-Limpia la piel y regenera las c\u00e9lulas.<\/p>\n<p>- Combate la celulitis y las varices.<\/p>\n<p>- Se utiliza en fisioterapia, su papel antiinflamatorio se conoce desde la antig\u00fcedad, siendo un aut\u00e9ntico sedante.<\/p>\n<p>- Curar lesiones musculares cr\u00f3nicas.<\/p>\n<p>-Es un excelente astringente, antis\u00e9ptico y antimicrobiano.<\/p>\n<p>-Puede funcionar como descongestionante.<\/p>\n<p>-Elimina la retenci\u00f3n de l\u00edquidos en diferentes zonas del cuerpo.<\/p>\n<p>&nbsp;<\/p>\n<p><strong>\u00bfQu\u00e9 contiene la arcilla roja?<\/strong><\/p>\n<p>Adem\u00e1s de los efectos enumerados, sorprendentemente para los cient\u00edficos, la arcilla contiene una serie de minerales que tambi\u00e9n contiene el cuerpo humano (porque de la tierra fuimos creados ya la tierra volvemos), confirmando as\u00ed la explicaci\u00f3n b\u00edblica.<\/p>\n<p>Entre los minerales m\u00e1s conocidos se encuentran:<\/p>\n<p>Calcio: excelente para huesos, tendones y articulaciones, tambi\u00e9n elimina ciertos problemas que pueden presentarse en el sistema nervioso.<\/p>\n<p>Silicio: puede combatir la arterioesclerosis y acelera mucho la recuperaci\u00f3n en casos de esguinces y fracturas. Tambi\u00e9n mejora la elasticidad del cuerpo y ayuda a que los sistemas respiratorio, vascular y nervioso funcionen correctamente.<\/p>\n<p>Magnesio: permite aumentar las defensas y prevenir el envejecimiento, act\u00faa como t\u00f3nico general y vitalizador celular de la piel y del sistema nervioso.<\/p>\n<p>Zinc: es necesario para la inmunidad, ayuda al sistema reproductivo mejorando la fertilidad y la maduraci\u00f3n de los \u00f3rganos sexuales masculinos, tambi\u00e9n ayuda en la formaci\u00f3n de tejidos, etc.<\/p>\n<p>Sodio y potasio: juegan un papel importante en la regulaci\u00f3n del nivel de l\u00edquidos en el organismo y juntos forman un d\u00fao din\u00e1mico con un papel en la transmisi\u00f3n de los impulsos nerviosos a nivel neuronal y celular, tambi\u00e9n intervienen en el metabolismo celular.<\/p>\n<p>Hierro: extremadamente importante para la regeneraci\u00f3n de las c\u00e9lulas sangu\u00edneas, ayuda al aporte de ox\u00edgeno a nivel celular e interviene en el metabolismo, ayudando a obtener la energ\u00eda que necesitamos.<\/p>\n<p>Cobre: \u200b\u200bextremadamente importante para la funci\u00f3n de muchas enzimas, regula el metabolismo, ayuda al cuerpo a generar energ\u00eda al combinarse con el hierro y producir gl\u00f3bulos rojos, huesos y tejidos conectivos. El cobre tambi\u00e9n ayuda con la pigmentaci\u00f3n de la piel y el cabello, influye en la funci\u00f3n card\u00edaca y act\u00faa como antioxidante, reduciendo los radicales libres que pueden da\u00f1ar el ADN celular.<\/p>\n<p>M\u00e9todo de preparaci\u00f3n y uso correcto:<\/p>\n<p>Uso externo:<\/p>\n<ul>\n<li>Mezclar el polvo seco, hasta que quede una pasta homog\u00e9nea, de aproximadamente 1 cm de espesor, (la cataplasma no es muy dura, pero lo suficientemente suave para untarla con una cuchara de madera), con agua o aceites vegetales o esenciales, y de esta manera puede aumentar sus propiedades y virtudes y en tama\u00f1o, adapt\u00e1ndose a la zona afectada.<\/li>\n<li>Antes de aplicar esta cataplasma es necesario tener la piel limpia. Se puede aplicar con la ayuda de una cuchara de madera (no utilice una cuchara o bol de pl\u00e1stico o metal, sino de madera, vidrio o porcelana), aplicando poco a poco con la cuchara de madera el contenido de la pasta sobre una tela t\u00e9rmica (quiz\u00e1s es de lana fina o cualquier otro tejido t\u00e9rmico, que permita el paso del agua, pero no la retenga), calculando aproximadamente la cantidad y la superficie que queremos aplicar. Una vez finalizada la operaci\u00f3n, metemos suavemente ambas palmas debajo de la tela, levantamos con cuidado la cataplasma, acerc\u00e1ndola con cuidado al cuerpo y... \u00a1bofetadas!!... pegamos la cataplasma en la zona afectada o indicada por el especialista naturista. , dejamos la tela termica tal y como esta, tapamos con alguna toalla, y al final arreglamos todo con una venda o pa\u00f1uelo, y si la zona de aplicaci\u00f3n es el abdomen, podemos usar una venda abdominal (cintura) con erizos para ajuste, que se pueden encontrar en tiendas t\u00e9cnico-sanitarias. La duraci\u00f3n del mantenimiento de la cataplasma puede ser de entre 2 y 6 horas. Despu\u00e9s de su uso, la cataplasma de arcilla roja se tira, se carga con toxinas y se reemplaza por una nueva.<\/li>\n<li>No debe aplicarse cerca de las mucosas ni de los ojos, ya que puede irritar la zona.<\/li>\n<li>Es importante que se aplique en toda la zona indicada por el especialista y que se aplique perfectamente h\u00famedo, pues es entonces cuando la arcilla act\u00faa de forma eficaz. No se debe dejar secar por completo, y una vez que notes que la arcilla empieza a secarse, se debe retirar de la piel con abundante agua.<\/li>\n<li>La frecuencia de las cataplasmas var\u00eda seg\u00fan el estado y la gravedad, en determinados casos complejos, siendo necesaria su aplicaci\u00f3n las 24 horas del d\u00eda, consulta al especialista naturista Emanoil Cosma en el tel. 0034671688019 y te indicar\u00e1 c\u00f3mo es mejor.<\/li>\n<\/ul>\n<p>Uso interno:<\/p>\n<p>A nivel digestivo, la arcilla roja, apta para uso interno, tiene un papel depurativo, al inactivar la flora digestiva pat\u00f3gena, un papel antimicrobiano, antis\u00e9ptico y, por \u00faltimo, nutre el organismo por su contenido en minerales, no sin antes colaborar en la restauraci\u00f3n la flora intestinal y la correcta absorci\u00f3n de nutrientes.<\/p>\n<p>Modo de preparaci\u00f3n para uso interno: por la noche, antes de acostarse, mezcle media cucharadita de arcilla roja en 150 ml de agua, revuelva con una esp\u00e1tula de madera durante 4-5 minutos y deje reposar durante la noche, luego al d\u00eda siguiente , inmediatamente despu\u00e9s de despertar, sin agitar el vaso, beba solo el l\u00edquido rojizo que est\u00e1 encima, no el sedimento formado.<\/p>\n<p>La duraci\u00f3n de la administraci\u00f3n depende de la condici\u00f3n y la gravedad y la determina \u00fanicamente su especialista naturista.<\/p>\n<p>\u00bfLa arcilla roja es t\u00f3xica?<\/p>\n<p>En general, no se conoce ninguna advertencia sobre la arcilla roja, correctamente procesada, depurada de bacterias y cuyo origen ecol\u00f3gico se conoce. Se recomienda no ingerirlo directamente y mantenerlo alejado de mucosas y ojos. De lo contrario, no hay peligro.<\/p>\n<p>Es muy importante saber de d\u00f3nde procede la arcilla, ya que muchas veces se contamina de forma fraudulenta con otro tipo de productos, lo que puede causar problemas en la piel y generar un gran n\u00famero de peligrosas reacciones al\u00e9rgicas. Algunos de estos pueden lesionar seriamente la piel, causando irritaci\u00f3n severa y erupciones cut\u00e1neas.<\/p>\n<p>Otro problema ser\u00eda el origen de la arcilla a partir de suelos cultivados y quimizados con fertilizantes qu\u00edmicos, pesticidas, herbicidas, etc., que interactuaban y anulaban muchos de los minerales contenidos, afectando en gran medida su efecto terap\u00e9utico.<\/p>\n<p>Efectos secundarios de la arcilla roja<\/p>\n<p>En el caso de pieles sensibles, se pueden producir cierto tipo de irritaciones (en su mayor\u00eda causadas por toxinas que intentan salir por los poros de la piel, pero sin \u00e9xito). Se recomienda lavar la zona con agua tibia, secarla completamente y luego usar cremas humectantes para combatir estos efectos. Si los efectos irritantes persisten, solo es necesario tomar un descanso de 1-2 d\u00edas, dejando un poco de jugo de lim\u00f3n en el \u00e1rea irritada durante 5 minutos, luego lavar con agua tibia y, por lo general, la irritaci\u00f3n desaparece por s\u00ed sola.<\/p>\n<p>En algunos casos, debes tener en cuenta cada uno de los componentes que tiene esta arcilla y asegurarte de que no eres al\u00e9rgico a ninguno de ellos.<\/p>\n<p>La arcilla que ofrecemos a nuestros clientes es un polvo seco de color rojo ladrillo, extremadamente fino y agradable al tacto, estando certificado con un contenido mineral \u00f3ptimo. Proviene de las tierras f\u00e9rtiles y ecol\u00f3gicas de Catalu\u00f1a, se purifica de bacterias, se pasa por hornos especiales y es utilizado con \u00e9xito para uso interno y externo por los spas y centros de fisioterapia m\u00e1s famosos de Europa Occidental, y adem\u00e1s, la experiencia y los miles de clientes satisfechos lo confirman.<\/p>\n<p>Para obtener los m\u00e1ximos efectos terap\u00e9uticos, se recomienda combinar las cataplasmas de arcilla con un estilo de vida basado en las 10 leyes de la salud y la aplicaci\u00f3n simult\u00e1nea de tratamientos complementarios espec\u00edficos para su condici\u00f3n.<\/p>\n<p>Se\u00f1or. Emanoil Cosma, naturista especialista con formaci\u00f3n en nutrici\u00f3n, puede indicarte el programa personalizado que debes seguir. Puede ser contactado al: <strong>0034\/671688019<\/strong> o por email: <strong>info@reformaprovita.com<\/strong><\/p>\n<p>El transporte est\u00e1 incluido en el precio para Espa\u00f1a Peninsular, Ruman\u00eda y resto de pa\u00edses de la UE y se realiza en 5-7 d\u00edas laborables, desde la fecha de recepci\u00f3n del pago (excepto pa\u00edses extracomunitarios, donde el plazo de entrega puede ser m\u00e1s tiempo, dependiendo del proceso aduanero).<\/p>\n<p>Para otras zonas consultar precio llamando al: <strong>0034671688019<\/strong> (tambi\u00e9n Whatsapp o Telegram).<\/p>\n<p><strong>Pol\u00edtica de devoluci\u00f3n:<\/strong> Se aceptar\u00e1 la devoluci\u00f3n del producto, s\u00f3lo si la mercanc\u00eda y el embalaje no han sido desprecintados, estando en buen estado para ser devuelto, y el transporte correr\u00e1 a cargo del cliente.<\/p>","protected":false},"excerpt":{"rendered":"<p>Saco de aproximadamente 25 kg, polvo seco de arcilla roja, ecol\u00f3gico y purificado de bacterias, apto para uso interno y externo, empacado en bolsas de papel de doble capa, protegidas de la humedad y cubiertas en la parte superior con una bolsa de pl\u00e1stico, luego debidamente empacado en cajas de doble -capa de cart\u00f3n y resistente a la manipulaci\u00f3n, dimensiones 40x35x30 cm.<\/p>","protected":false},"featured_media":2085,"comment_status":"open","ping_status":"closed","template":"","meta":{"give_campaign_id":0,"content-type":""},"product_brand":[],"product_cat":[47],"product_tag":[],"class_list":{"0":"post-2084","1":"product","2":"type-product","3":"status-publish","4":"has-post-thumbnail","6":"product_cat-produse-naturale","8":"first","9":"outofstock","10":"sale","11":"taxable","12":"shipping-taxable","13":"purchasable","14":"product-type-simple"},"yoast_head":"<!-- This site is optimized with the Yoast SEO plugin v27.1.1 - https:\/\/yoast.com\/product\/yoast-seo-wordpress\/ -->\n<title>Argil\u0103 Ro\u0219ie - ReformaProvita<\/title>\n<meta name=\"description\" content=\"Sac de argila rosie pulbere uscata, ecologica si purificata de bacterii , apta pentru uz intern si extern, ambalata in saci de hartie.\" \/>\n<meta name=\"robots\" content=\"index, follow, max-snippet:-1, max-image-preview:large, max-video-preview:-1\" \/>\n<link rel=\"canonical\" href=\"https:\/\/reformaprovita.com\/es\/shop\/arcilla-roja\/\" \/>\n<meta property=\"og:locale\" content=\"es_ES\" \/>\n<meta property=\"og:type\" content=\"article\" \/>\n<meta property=\"og:title\" content=\"Argil\u0103 Ro\u0219ie - ReformaProvita\" \/>\n<meta property=\"og:description\" content=\"Sac de argila rosie pulbere uscata, ecologica si purificata de bacterii , apta pentru uz intern si extern, ambalata in saci de hartie.\" \/>\n<meta property=\"og:url\" content=\"https:\/\/reformaprovita.com\/es\/shop\/arcilla-roja\/\" \/>\n<meta property=\"og:site_name\" content=\"ReformaProvita\" \/>\n<meta property=\"article:modified_time\" content=\"2022-12-27T20:40:13+00:00\" \/>\n<meta property=\"og:image\" content=\"https:\/\/reformaprovita.com\/wp-content\/uploads\/2022\/07\/3390010.jpg\" \/>\n\t<meta property=\"og:image:width\" content=\"969\" \/>\n\t<meta property=\"og:image:height\" content=\"1000\" \/>\n\t<meta property=\"og:image:type\" content=\"image\/jpeg\" \/>\n<meta name=\"twitter:card\" content=\"summary_large_image\" \/>\n<meta name=\"twitter:label1\" content=\"Tiempo de lectura\" \/>\n\t<meta name=\"twitter:data1\" content=\"8 minutos\" \/>\n<script type=\"application\/ld+json\" class=\"yoast-schema-graph\">{\"@context\":\"https:\/\/schema.org\",\"@graph\":[{\"@type\":\"WebPage\",\"@id\":\"https:\/\/reformaprovita.com\/shop\/argila-rosie\/\",\"url\":\"https:\/\/reformaprovita.com\/shop\/argila-rosie\/\",\"name\":\"Argil\u0103 Ro\u0219ie - ReformaProvita\",\"isPartOf\":{\"@id\":\"https:\/\/reformaprovita.com\/#website\"},\"primaryImageOfPage\":{\"@id\":\"https:\/\/reformaprovita.com\/shop\/argila-rosie\/#primaryimage\"},\"image\":{\"@id\":\"https:\/\/reformaprovita.com\/shop\/argila-rosie\/#primaryimage\"},\"thumbnailUrl\":\"https:\/\/reformaprovita.com\/wp-content\/uploads\/2022\/07\/3390010.jpg\",\"datePublished\":\"2022-07-22T09:07:19+00:00\",\"dateModified\":\"2022-12-27T20:40:13+00:00\",\"description\":\"Sac de argila rosie pulbere uscata, ecologica si purificata de bacterii , apta pentru uz intern si extern, ambalata in saci de hartie.\",\"breadcrumb\":{\"@id\":\"https:\/\/reformaprovita.com\/shop\/argila-rosie\/#breadcrumb\"},\"inLanguage\":\"es\",\"potentialAction\":[{\"@type\":\"ReadAction\",\"target\":[\"https:\/\/reformaprovita.com\/shop\/argila-rosie\/\"]}]},{\"@type\":\"ImageObject\",\"inLanguage\":\"es\",\"@id\":\"https:\/\/reformaprovita.com\/shop\/argila-rosie\/#primaryimage\",\"url\":\"https:\/\/reformaprovita.com\/wp-content\/uploads\/2022\/07\/3390010.jpg\",\"contentUrl\":\"https:\/\/reformaprovita.com\/wp-content\/uploads\/2022\/07\/3390010.jpg\",\"width\":969,\"height\":1000},{\"@type\":\"BreadcrumbList\",\"@id\":\"https:\/\/reformaprovita.com\/shop\/argila-rosie\/#breadcrumb\",\"itemListElement\":[{\"@type\":\"ListItem\",\"position\":1,\"name\":\"Home\",\"item\":\"https:\/\/reformaprovita.com\/\"},{\"@type\":\"ListItem\",\"position\":2,\"name\":\"Produse\",\"item\":\"https:\/\/reformaprovita.com\/shop\/\"},{\"@type\":\"ListItem\",\"position\":3,\"name\":\"Argil\u0103 Ro\u0219ie\"}]},{\"@type\":\"WebSite\",\"@id\":\"https:\/\/reformaprovita.com\/#website\",\"url\":\"https:\/\/reformaprovita.com\/\",\"name\":\"ReformaProvita\",\"description\":\"Sanatate si Bunastare pentru toti\",\"potentialAction\":[{\"@type\":\"SearchAction\",\"target\":{\"@type\":\"EntryPoint\",\"urlTemplate\":\"https:\/\/reformaprovita.com\/?s={search_term_string}\"},\"query-input\":{\"@type\":\"PropertyValueSpecification\",\"valueRequired\":true,\"valueName\":\"search_term_string\"}}],\"inLanguage\":\"es\"}]}<\/script>\n<!-- \/ Yoast SEO plugin. -->","yoast_head_json":{"title":"Argil\u0103 Ro\u0219ie - ReformaProvita","description":"Sac de argila rosie pulbere uscata, ecologica si purificata de bacterii , apta pentru uz intern si extern, ambalata in saci de hartie.","robots":{"index":"index","follow":"follow","max-snippet":"max-snippet:-1","max-image-preview":"max-image-preview:large","max-video-preview":"max-video-preview:-1"},"canonical":"https:\/\/reformaprovita.com\/es\/shop\/arcilla-roja\/","og_locale":"es_ES","og_type":"article","og_title":"Argil\u0103 Ro\u0219ie - ReformaProvita","og_description":"Sac de argila rosie pulbere uscata, ecologica si purificata de bacterii , apta pentru uz intern si extern, ambalata in saci de hartie.","og_url":"https:\/\/reformaprovita.com\/es\/shop\/arcilla-roja\/","og_site_name":"ReformaProvita","article_modified_time":"2022-12-27T20:40:13+00:00","og_image":[{"width":969,"height":1000,"url":"https:\/\/reformaprovita.com\/wp-content\/uploads\/2022\/07\/3390010.jpg","type":"image\/jpeg"}],"twitter_card":"summary_large_image","twitter_misc":{"Tiempo de lectura":"8 minutos"},"schema":{"@context":"https:\/\/schema.org","@graph":[{"@type":"WebPage","@id":"https:\/\/reformaprovita.com\/shop\/argila-rosie\/","url":"https:\/\/reformaprovita.com\/shop\/argila-rosie\/","name":"Argil\u0103 Ro\u0219ie - ReformaProvita","isPartOf":{"@id":"https:\/\/reformaprovita.com\/#website"},"primaryImageOfPage":{"@id":"https:\/\/reformaprovita.com\/shop\/argila-rosie\/#primaryimage"},"image":{"@id":"https:\/\/reformaprovita.com\/shop\/argila-rosie\/#primaryimage"},"thumbnailUrl":"https:\/\/reformaprovita.com\/wp-content\/uploads\/2022\/07\/3390010.jpg","datePublished":"2022-07-22T09:07:19+00:00","dateModified":"2022-12-27T20:40:13+00:00","description":"Sac de argila rosie pulbere uscata, ecologica si purificata de bacterii , apta pentru uz intern si extern, ambalata in saci de hartie.","breadcrumb":{"@id":"https:\/\/reformaprovita.com\/shop\/argila-rosie\/#breadcrumb"},"inLanguage":"es","potentialAction":[{"@type":"ReadAction","target":["https:\/\/reformaprovita.com\/shop\/argila-rosie\/"]}]},{"@type":"ImageObject","inLanguage":"es","@id":"https:\/\/reformaprovita.com\/shop\/argila-rosie\/#primaryimage","url":"https:\/\/reformaprovita.com\/wp-content\/uploads\/2022\/07\/3390010.jpg","contentUrl":"https:\/\/reformaprovita.com\/wp-content\/uploads\/2022\/07\/3390010.jpg","width":969,"height":1000},{"@type":"BreadcrumbList","@id":"https:\/\/reformaprovita.com\/shop\/argila-rosie\/#breadcrumb","itemListElement":[{"@type":"ListItem","position":1,"name":"Home","item":"https:\/\/reformaprovita.com\/"},{"@type":"ListItem","position":2,"name":"Produse","item":"https:\/\/reformaprovita.com\/shop\/"},{"@type":"ListItem","position":3,"name":"Argil\u0103 Ro\u0219ie"}]},{"@type":"WebSite","@id":"https:\/\/reformaprovita.com\/#website","url":"https:\/\/reformaprovita.com\/","name":"ReformaProvita","description":"Sanatate si Bunastare pentru toti","potentialAction":[{"@type":"SearchAction","target":{"@type":"EntryPoint","urlTemplate":"https:\/\/reformaprovita.com\/?s={search_term_string}"},"query-input":{"@type":"PropertyValueSpecification","valueRequired":true,"valueName":"search_term_string"}}],"inLanguage":"es"}]}},"_links":{"self":[{"href":"https:\/\/reformaprovita.com\/es\/wp-json\/wp\/v2\/product\/2084","targetHints":{"allow":["GET"]}}],"collection":[{"href":"https:\/\/reformaprovita.com\/es\/wp-json\/wp\/v2\/product"}],"about":[{"href":"https:\/\/reformaprovita.com\/es\/wp-json\/wp\/v2\/types\/product"}],"replies":[{"embeddable":true,"href":"https:\/\/reformaprovita.com\/es\/wp-json\/wp\/v2\/comments?post=2084"}],"wp:featuredmedia":[{"embeddable":true,"href":"https:\/\/reformaprovita.com\/es\/wp-json\/wp\/v2\/media\/2085"}],"wp:attachment":[{"href":"https:\/\/reformaprovita.com\/es\/wp-json\/wp\/v2\/media?parent=2084"}],"wp:term":[{"taxonomy":"product_brand","embeddable":true,"href":"https:\/\/reformaprovita.com\/es\/wp-json\/wp\/v2\/product_brand?post=2084"},{"taxonomy":"product_cat","embeddable":true,"href":"https:\/\/reformaprovita.com\/es\/wp-json\/wp\/v2\/product_cat?post=2084"},{"taxonomy":"product_tag","embeddable":true,"href":"https:\/\/reformaprovita.com\/es\/wp-json\/wp\/v2\/product_tag?post=2084"}],"curies":[{"name":"wp","href":"https:\/\/api.w.org\/{rel}","templated":true}]}}